{"id":12900,"date":"2023-06-13T18:03:34","date_gmt":"2023-06-13T15:03:34","guid":{"rendered":"https:\/\/laroche.lt\/?page_id=12900"},"modified":"2026-01-08T16:03:22","modified_gmt":"2026-01-08T13:03:22","slug":"laroche-prekybos-partneriai","status":"publish","type":"page","link":"https:\/\/laroche.lt\/en\/laroche-prekybos-partneriai\/","title":{"rendered":"LAROCH\u00c9 prekybos partneriai"},"content":{"rendered":"<div data-elementor-type=\"wp-page\" data-elementor-id=\"12900\" class=\"elementor elementor-12900\">\n\t\t\t\t\t\t<section class=\"elementor-section elementor-top-section elementor-element elementor-element-efe99e8 elementor-section-boxed elementor-section-height-default elementor-section-height-default qodef-elementor-content-no\" data-id=\"efe99e8\" data-element_type=\"section\" data-e-type=\"section\">\n\t\t\t\t\t\t<div class=\"elementor-container elementor-column-gap-default\">\n\t\t\t\t\t<div class=\"elementor-column elementor-col-100 elementor-top-column elementor-element elementor-element-90d0edc\" data-id=\"90d0edc\" data-element_type=\"column\" data-e-type=\"column\">\n\t\t\t<div class=\"elementor-widget-wrap elementor-element-populated\">\n\t\t\t\t\t\t<div class=\"elementor-element elementor-element-26cc59c elementor-widget__width-initial elementor-widget elementor-widget-text-editor\" data-id=\"26cc59c\" data-element_type=\"widget\" data-e-type=\"widget\" data-widget_type=\"text-editor.default\">\n\t\t\t\t<div class=\"elementor-widget-container\">\n\t\t\t\t\t\t\t\t\t<p><strong>LAROCH\u00c9 produkcijos galite \u012fsigyti pas m\u016bs\u0173 prekybos partnerius:<\/strong><\/p><p><strong>\u00a0<\/strong><\/p><p><strong>VILNIUS<\/strong><\/p><p><span style=\"letter-spacing: 0.01em;\"><a href=\"https:\/\/neakivaizdinisvilnius.lt\/po-paskaitu\/linen-tales-shop-cafe\/\" target=\"_blank\" rel=\"noopener\">LINEN TALES<\/a>. Bernardin\u0173 g. 10 &#8211; kavin\u0117, lino parduotuv\u0117<\/span><\/p><p>.<\/p><p><strong>KAUNAS<\/strong><\/p><p>LAROCH\u00c9. Linkuvos g. 58 \u2013 firmin\u0117 parduotuv\u0117<\/p><p><a href=\"https:\/\/www.dalu.lt\" target=\"_blank\" rel=\"noopener\">D\u2019AL\u00d9<\/a>. Laisv\u0117s al. 46 \u2013 craft alaus ir gero maisto krautuv\u0117l\u0117<\/p><p><a href=\"https:\/\/coffeeloft.lt\" target=\"_blank\" rel=\"noopener\">COFFEE LOFT<\/a>. Savanori\u0173 pr. 433 &#8211; kavos ir \u012frangos parduotuv\u0117<\/p><p>.\u00a0<\/p><p><strong>KLAIP\u0116DA<\/strong><\/p><p><a href=\"https:\/\/www.musangas.lt\" target=\"_blank\" rel=\"noopener\">MUSANGAS<\/a>. H. Manto g. 9 \u2013 kavin\u0117 \/ kavos skrudinimo namai<\/p><p><a href=\"https:\/\/www.musangas.lt\" target=\"_blank\" rel=\"noopener\">MUSANGAS<\/a>. Liep\u0173 g. 64 \u2013 kavin\u0117 \/ parduotuv\u0117<\/p><p>.<\/p><p><strong>\u0160IAULIAI<\/strong><\/p><p><a href=\"https:\/\/www.anereta.lt\" target=\"_blank\" rel=\"noopener\">ANERETA<\/a>. Vilniaus g. 136 &#8211; delikates\u0173, g\u0117rim\u0173 ir gero maisto krautuv\u0117<\/p><p>.<\/p><p><strong>ALYTUS<\/strong><\/p><p><a href=\"https:\/\/gerostalo.lt\" target=\"_blank\" rel=\"noopener\">GERO STALO<\/a>. Jotvingi\u0173 g. 7A \u2013 delikates\u0173 ir gero maisto krautuv\u0117<\/p><p>.<\/p><p><strong>DRUSKININKAI<\/strong><\/p><p><a href=\"https:\/\/cmhome.lt\" target=\"_blank\" rel=\"noopener\">CINAMONAS<\/a>. Vilniaus al. 8 \u2013 dovan\u0173 parduotuv\u0117 \/ kavin\u0117 + visuomet galite rasti m\u016bs\u0173 rank\u0173 darbo bonbon saldaini\u0173, macarons\u00a0<\/p><p>.<\/p><p><strong>PALANGA<\/strong><\/p><p>MAISTIN\u0116 (AIB\u0116). Kunigi\u0161k\u0117s, U\u017ekanav\u0117s g. 46 \u2013 gourmet, desert\u0173 ir maisto preki\u0173 parduotuv\u0117<\/p><p>.<\/p><p><strong>NERINGA<\/strong><\/p><p>MAISTIN\u0116 (AIB\u0116). Vil\u0173 g. 5A, Juodkrant\u0117 &#8211; gourmet, desert\u0173 ir maisto preki\u0173 parduotuv\u0117<br \/>SMILGA. Preilos g. 69, Preila &#8211; maisto preki\u0173 ir g\u0117rim\u0173 parduotuv\u0117<\/p><p>.<\/p><p><strong>K\u0116DAINIAI<\/strong><\/p><p><a href=\"https:\/\/www.gurke.lt\" target=\"_blank\" rel=\"noopener\">GURK\u0116<\/a>. Dvaro g. 2 \u2013 delikates\u0173 ir gero maisto krautuv\u0117<\/p><p>.<\/p><p><strong>BIR\u0160TONAS<\/strong><\/p><p>MAISTIN\u0116 (AIB\u0116). Dariaus ir Gir\u0117no g. 6 \u2013 gourmet, desert\u0173 ir maisto preki\u0173 parduotuv\u0117<\/p><p>.<\/p><p><strong>MARIJAMPOL\u0116<\/strong><\/p><p><a href=\"https:\/\/www.facebook.com\/p\/Gurman\u0173-namai-100079725652997\/?locale=lt_LT\" target=\"_blank\" rel=\"noopener\">GURMAN\u0172 NAMAI<\/a>.\u00a0<span style=\"background-color: #ffffff; letter-spacing: 0.15px;\">Ba\u017eny\u010dios g. 38 (PC Maxima) \u2013 delikates\u0173 ir gero maisto krautuv\u0117<\/span><\/p><p><a href=\"https:\/\/www.tripadvisor.com\/Restaurant_Review-g668793-d10821452-Reviews-Kavine_baras_Nica-Marijampole_Marijampole_County.html\" target=\"_blank\" rel=\"noopener\">NICA<\/a>. Laisv\u0117s g. 24 &#8211; restoranas<\/p><p>.<\/p><p style=\"background-color: #ffffff; letter-spacing: 0.15px;\"><strong>NAUJOJI AKMEN\u0116<\/strong><\/p><p><a href=\"https:\/\/www.facebook.com\/parduotuve.antpalanges\/?locale=lt_LT\" target=\"_blank\" rel=\"noopener\">ANT PALANG\u0116S<\/a>. Vytauto g. 4-2 \u2013 dovan\u0173 parduotuv\u0117<\/p><p>.<\/p><p><strong>VILKAVI\u0160KIS<\/strong><\/p><p><a href=\"https:\/\/www.premo.lt\" target=\"_blank\" rel=\"noopener\">PREMO<\/a>. Vytauto g. 103 &#8211; gurmani\u0161ko maisto ir g\u0117rim\u0173 parduotuv\u0117<\/p><p>.<\/p><p><em>Prie\u0161 vykstant \u012f parduotuv\u0119 rekomenduojame pasiteirauti apie turim\u0105 asortiment\u0105<\/em><\/p><p>Norite tapti LAROCH\u00c9 produkcijos atstovais? <span style=\"text-decoration: underline;\"><a href=\"\/en\/kontaktai\/\">Maloniai pra\u0161ome kreiptis<\/a><\/span><\/p>\t\t\t\t\t\t\t\t<\/div>\n\t\t\t\t<\/div>\n\t\t\t\t\t<\/div>\n\t\t<\/div>\n\t\t\t\t\t<\/div>\n\t\t<\/section>\n\t\t\t\t<\/div>","protected":false},"excerpt":{"rendered":"<p>LAROCH\u00c9 produkcijos galite \u012fsigyti pas m\u016bs\u0173 prekybos partnerius: \u00a0 VILNIUS LINEN TALES. Bernardin\u0173 g. 10 &#8211; kavin\u0117, lino parduotuv\u0117 . KAUNAS LAROCH\u00c9. Linkuvos g. 58 \u2013 firmin\u0117 parduotuv\u0117 D\u2019AL\u00d9. Laisv\u0117s al. 46 \u2013 craft alaus ir gero maisto krautuv\u0117l\u0117 COFFEE LOFT. Savanori\u0173 pr. 433 &#8211; kavos ir \u012frangos parduotuv\u0117 .\u00a0 KLAIP\u0116DA MUSANGAS. H. Manto g. [&hellip;]<\/p>\n","protected":false},"author":1,"featured_media":12485,"parent":0,"menu_order":0,"comment_status":"closed","ping_status":"closed","template":"","meta":{"footnotes":""},"class_list":["post-12900","page","type-page","status-publish","has-post-thumbnail","hentry"],"aioseo_notices":[],"jetpack_sharing_enabled":true,"_links":{"self":[{"href":"https:\/\/laroche.lt\/en\/wp-json\/wp\/v2\/pages\/12900","targetHints":{"allow":["GET"]}}],"collection":[{"href":"https:\/\/laroche.lt\/en\/wp-json\/wp\/v2\/pages"}],"about":[{"href":"https:\/\/laroche.lt\/en\/wp-json\/wp\/v2\/types\/page"}],"author":[{"embeddable":true,"href":"https:\/\/laroche.lt\/en\/wp-json\/wp\/v2\/users\/1"}],"replies":[{"embeddable":true,"href":"https:\/\/laroche.lt\/en\/wp-json\/wp\/v2\/comments?post=12900"}],"version-history":[{"count":65,"href":"https:\/\/laroche.lt\/en\/wp-json\/wp\/v2\/pages\/12900\/revisions"}],"predecessor-version":[{"id":19502,"href":"https:\/\/laroche.lt\/en\/wp-json\/wp\/v2\/pages\/12900\/revisions\/19502"}],"wp:featuredmedia":[{"embeddable":true,"href":"https:\/\/laroche.lt\/en\/wp-json\/wp\/v2\/media\/12485"}],"wp:attachment":[{"href":"https:\/\/laroche.lt\/en\/wp-json\/wp\/v2\/media?parent=12900"}],"curies":[{"name":"wp","href":"https:\/\/api.w.org\/{rel}","templated":true}]}}