{"id":19699,"date":"2026-02-07T11:33:34","date_gmt":"2026-02-07T08:33:34","guid":{"rendered":"https:\/\/laroche.lt\/?page_id=19699"},"modified":"2026-04-15T15:23:05","modified_gmt":"2026-04-15T12:23:05","slug":"uzklausa","status":"publish","type":"page","link":"https:\/\/laroche.lt\/en\/uzklausa\/","title":{"rendered":"KONDITERIJOS U\u017dKLAUSOS forma"},"content":{"rendered":"<div data-elementor-type=\"wp-page\" data-elementor-id=\"19699\" class=\"elementor elementor-19699\">\n\t\t\t\t\t\t<section class=\"elementor-section elementor-top-section elementor-element elementor-element-4cbee6e elementor-section-boxed elementor-section-height-default elementor-section-height-default qodef-elementor-content-no\" data-id=\"4cbee6e\" data-element_type=\"section\" data-e-type=\"section\">\n\t\t\t\t\t\t<div class=\"elementor-container elementor-column-gap-default\">\n\t\t\t\t\t<div class=\"elementor-column elementor-col-100 elementor-top-column elementor-element elementor-element-d1bb4c5\" data-id=\"d1bb4c5\" data-element_type=\"column\" data-e-type=\"column\">\n\t\t\t<div class=\"elementor-widget-wrap elementor-element-populated\">\n\t\t\t\t\t\t<div class=\"elementor-element elementor-element-1b4b430 elementor-widget-mobile__width-initial elementor-widget elementor-widget-swissdelight_core_section_title\" data-id=\"1b4b430\" data-element_type=\"widget\" data-e-type=\"widget\" data-widget_type=\"swissdelight_core_section_title.default\">\n\t\t\t\t<div class=\"elementor-widget-container\">\n\t\t\t\t\t<div class=\"qodef-shortcode qodef-m  qodef-section-title qodef-alignment--center  qodef-appear-animation--enabled\">\n\t\t<span class=\"qodef-m-tagline\" >LAROCH\u00c9 KONDITERIJOS<\/span>\n\t<h3 class=\"qodef-m-title\" >\n\t\t\tU\u017dKLAUSOS <span class=\"qodef-subtitle-wrapper\">FORMA<span class=\"qodef-m-subtitle\" >\u0160ventei<\/span><\/span>\t<\/h3>\n\t\t<\/div>\n\t\t\t\t<\/div>\n\t\t\t\t<\/div>\n\t\t\t\t\t<\/div>\n\t\t<\/div>\n\t\t\t\t\t<\/div>\n\t\t<\/section>\n\t\t\t\t<section class=\"elementor-section elementor-top-section elementor-element elementor-element-61a39dd qodef-elementor-content-grid elementor-section-full_width elementor-section-height-default elementor-section-height-default\" data-id=\"61a39dd\" data-element_type=\"section\" data-e-type=\"section\" data-settings=\"{&quot;background_background&quot;:&quot;classic&quot;,&quot;shape_divider_top&quot;:&quot;opacity-fan&quot;}\">\n\t\t\t\t\t<div class=\"elementor-shape elementor-shape-top\" aria-hidden=\"true\" data-negative=\"false\">\n\t\t\t<svg xmlns=\"http:\/\/www.w3.org\/2000\/svg\" viewbox=\"0 0 283.5 19.6\" preserveaspectratio=\"none\">\n\t<path class=\"elementor-shape-fill\" style=\"opacity:0.33\" d=\"M0 0L0 18.8 141.8 4.1 283.5 18.8 283.5 0z\"\/>\n\t<path class=\"elementor-shape-fill\" style=\"opacity:0.33\" d=\"M0 0L0 12.6 141.8 4 283.5 12.6 283.5 0z\"\/>\n\t<path class=\"elementor-shape-fill\" style=\"opacity:0.33\" d=\"M0 0L0 6.4 141.8 4 283.5 6.4 283.5 0z\"\/>\n\t<path class=\"elementor-shape-fill\" d=\"M0 0L0 1.2 141.8 4 283.5 1.2 283.5 0z\"\/>\n<\/svg>\t\t<\/div>\n\t\t\t\t\t<div class=\"elementor-container elementor-column-gap-default\">\n\t\t\t\t\t<div class=\"elementor-column elementor-col-100 elementor-top-column elementor-element elementor-element-8d34d20\" data-id=\"8d34d20\" data-element_type=\"column\" data-e-type=\"column\">\n\t\t\t<div class=\"elementor-widget-wrap elementor-element-populated\">\n\t\t\t\t\t\t<div class=\"elementor-element elementor-element-50557b7 elementor-widget elementor-widget-swissdelight_core_section_title\" data-id=\"50557b7\" data-element_type=\"widget\" data-e-type=\"widget\" data-widget_type=\"swissdelight_core_section_title.default\">\n\t\t\t\t<div class=\"elementor-widget-container\">\n\t\t\t\t\t<div class=\"qodef-shortcode qodef-m  qodef-section-title qodef-alignment--center  qodef-appear-animation--enabled\">\n\t\t\t<p class=\"qodef-m-text\" >Sveiki atvyk\u0119 \u012f LAROCH\u00c9 \u0161ventini\u0173 desert\u0173 u\u017eklausos puslap\u012f. Po formos pateikimo mes per\u017ei\u016br\u0117sime  J\u016bs\u0173 pateikt\u0105 informacij\u0105 ir pageidavimus, susisieksime d\u0117l tolimesnio u\u017esakymo derinimo ir patvirtinimo. <\/p>\n\t<\/div>\n\t\t\t\t<\/div>\n\t\t\t\t<\/div>\n\t\t\t\t\t<\/div>\n\t\t<\/div>\n\t\t\t\t\t<\/div>\n\t\t<\/section>\n\t\t\t\t<section class=\"elementor-section elementor-top-section elementor-element elementor-element-fd709cb elementor-section-boxed elementor-section-height-default elementor-section-height-default qodef-elementor-content-no\" data-id=\"fd709cb\" data-element_type=\"section\" data-e-type=\"section\">\n\t\t\t\t\t\t<div class=\"elementor-container elementor-column-gap-default\">\n\t\t\t\t\t<div class=\"elementor-column elementor-col-100 elementor-top-column elementor-element elementor-element-211f926\" data-id=\"211f926\" data-element_type=\"column\" data-e-type=\"column\">\n\t\t\t<div class=\"elementor-widget-wrap elementor-element-populated\">\n\t\t\t\t\t\t<div class=\"elementor-element elementor-element-77ba59f elementor-widget elementor-widget-text-editor\" data-id=\"77ba59f\" data-element_type=\"widget\" data-e-type=\"widget\" data-widget_type=\"text-editor.default\">\n\t\t\t\t<div class=\"elementor-widget-container\">\n\t\t\t\t\t\t\t\t\t<p>Prie\u0161 pildant u\u017eklausos form\u0105 kvie\u010diame susipa\u017einti su \u0161ia aktualia informacija:<\/p>\t\t\t\t\t\t\t\t<\/div>\n\t\t\t\t<\/div>\n\t\t\t\t\t<\/div>\n\t\t<\/div>\n\t\t\t\t\t<\/div>\n\t\t<\/section>\n\t\t\t\t<section class=\"elementor-section elementor-top-section elementor-element elementor-element-ee97968 elementor-section-boxed elementor-section-height-default elementor-section-height-default qodef-elementor-content-no\" data-id=\"ee97968\" data-element_type=\"section\" data-e-type=\"section\">\n\t\t\t\t\t\t<div class=\"elementor-container elementor-column-gap-default\">\n\t\t\t\t\t<div class=\"elementor-column elementor-col-100 elementor-top-column elementor-element elementor-element-92c3318\" data-id=\"92c3318\" data-element_type=\"column\" data-e-type=\"column\">\n\t\t\t<div class=\"elementor-widget-wrap elementor-element-populated\">\n\t\t\t\t\t\t<div class=\"elementor-element elementor-element-87ab71f elementor-widget__width-initial elementor-widget-tablet__width-inherit elementor-widget elementor-widget-swissdelight_core_section_title\" data-id=\"87ab71f\" data-element_type=\"widget\" data-e-type=\"widget\" data-widget_type=\"swissdelight_core_section_title.default\">\n\t\t\t\t<div class=\"elementor-widget-container\">\n\t\t\t\t\t<div class=\"qodef-shortcode qodef-m  qodef-section-title qodef-alignment--center  qodef-appear-animation--enabled\">\n\t\t\t\t<div class=\"qodef-m-button\">\n\t\t<a class=\"qodef-shortcode qodef-m  qodef-button qodef-layout--outlined  qodef-html--link qodef-has-icon\" href=\"\/en\/meniu\/\" target=\"_blank\"  >\t<span class=\"qodef-m-border--top-left\" ><\/span>    <span class=\"qodef-m-border--bottom-right\" ><\/span>    <span class=\"qodef-m-text\">PASTRY MENU\t\t\t\t\t<svg class=\"qodef-m-svg-icon\" xmlns=\"http:\/\/www.w3.org\/2000\/svg\" xmlns:xlink=\"http:\/\/www.w3.org\/1999\/xlink\" x=\"0px\" y=\"0px\" width=\"35.375px\" height=\"11.125px\" viewbox=\"0 0 35.375 12.125\" enable-background=\"new 0 0 35.375 12.125\" xml:space=\"preserve\"><g><line x1=\"0.198\" y1=\"6.078\" x2=\"35.088\" y2=\"6.047\"\/><line x1=\"29.823\" y1=\"1\" x2=\"34.745\" y2=\"5.922\"\/><line x1=\"29.823\" y1=\"11.125\" x2=\"34.745\" y2=\"6.203\"\/><\/g><\/svg>\t\t\t<\/span><\/a>\t<\/div>\n<\/div>\n\t\t\t\t<\/div>\n\t\t\t\t<\/div>\n\t\t\t\t\t<\/div>\n\t\t<\/div>\n\t\t\t\t\t<\/div>\n\t\t<\/section>\n\t\t\t\t<section class=\"elementor-section elementor-top-section elementor-element elementor-element-c65b102 elementor-section-boxed elementor-section-height-default elementor-section-height-default qodef-elementor-content-no\" data-id=\"c65b102\" data-element_type=\"section\" data-e-type=\"section\">\n\t\t\t\t\t\t<div class=\"elementor-container elementor-column-gap-default\">\n\t\t\t\t\t<div class=\"elementor-column elementor-col-100 elementor-top-column elementor-element elementor-element-2525176\" data-id=\"2525176\" data-element_type=\"column\" data-e-type=\"column\">\n\t\t\t<div class=\"elementor-widget-wrap elementor-element-populated\">\n\t\t\t\t\t\t<div class=\"elementor-element elementor-element-a2316e8 elementor-widget__width-initial elementor-widget-tablet__width-inherit elementor-widget elementor-widget-swissdelight_core_section_title\" data-id=\"a2316e8\" data-element_type=\"widget\" data-e-type=\"widget\" data-widget_type=\"swissdelight_core_section_title.default\">\n\t\t\t\t<div class=\"elementor-widget-container\">\n\t\t\t\t\t<div class=\"qodef-shortcode qodef-m  qodef-section-title qodef-alignment--center  qodef-appear-animation--enabled\">\n\t\t\t\t<div class=\"qodef-m-button\">\n\t\t<a class=\"qodef-shortcode qodef-m  qodef-button qodef-layout--outlined  qodef-html--link qodef-has-icon\" href=\"\/en\/duk\/\" target=\"_blank\"  >\t<span class=\"qodef-m-border--top-left\" ><\/span>    <span class=\"qodef-m-border--bottom-right\" ><\/span>    <span class=\"qodef-m-text\">Esminiai klausimai - atsakymai\t\t\t\t\t<svg class=\"qodef-m-svg-icon\" xmlns=\"http:\/\/www.w3.org\/2000\/svg\" xmlns:xlink=\"http:\/\/www.w3.org\/1999\/xlink\" x=\"0px\" y=\"0px\" width=\"35.375px\" height=\"11.125px\" viewbox=\"0 0 35.375 12.125\" enable-background=\"new 0 0 35.375 12.125\" xml:space=\"preserve\"><g><line x1=\"0.198\" y1=\"6.078\" x2=\"35.088\" y2=\"6.047\"\/><line x1=\"29.823\" y1=\"1\" x2=\"34.745\" y2=\"5.922\"\/><line x1=\"29.823\" y1=\"11.125\" x2=\"34.745\" y2=\"6.203\"\/><\/g><\/svg>\t\t\t<\/span><\/a>\t<\/div>\n<\/div>\n\t\t\t\t<\/div>\n\t\t\t\t<\/div>\n\t\t\t\t\t<\/div>\n\t\t<\/div>\n\t\t\t\t\t<\/div>\n\t\t<\/section>\n\t\t\t\t<section class=\"elementor-section elementor-top-section elementor-element elementor-element-d24cf1b elementor-section-boxed elementor-section-height-default elementor-section-height-default qodef-elementor-content-no\" data-id=\"d24cf1b\" data-element_type=\"section\" data-e-type=\"section\">\n\t\t\t\t\t\t<div class=\"elementor-container elementor-column-gap-default\">\n\t\t\t\t\t<div class=\"elementor-column elementor-col-100 elementor-top-column elementor-element elementor-element-e848f9e\" data-id=\"e848f9e\" data-element_type=\"column\" data-e-type=\"column\">\n\t\t\t<div class=\"elementor-widget-wrap elementor-element-populated\">\n\t\t\t\t\t\t<div class=\"elementor-element elementor-element-23ced23 elementor-widget__width-initial elementor-widget-tablet__width-inherit elementor-widget elementor-widget-swissdelight_core_section_title\" data-id=\"23ced23\" data-element_type=\"widget\" data-e-type=\"widget\" data-widget_type=\"swissdelight_core_section_title.default\">\n\t\t\t\t<div class=\"elementor-widget-container\">\n\t\t\t\t\t<div class=\"qodef-shortcode qodef-m  qodef-section-title qodef-alignment--center  qodef-appear-animation--enabled\">\n\t\t\t\t<div class=\"qodef-m-button\">\n\t\t<a class=\"qodef-shortcode qodef-m  qodef-button qodef-layout--outlined  qodef-html--link qodef-has-icon\" href=\"\/en\/pristatymas\/\" target=\"_blank\"  >\t<span class=\"qodef-m-border--top-left\" ><\/span>    <span class=\"qodef-m-border--bottom-right\" ><\/span>    <span class=\"qodef-m-text\">Delivery Service\t\t\t\t\t<svg class=\"qodef-m-svg-icon\" xmlns=\"http:\/\/www.w3.org\/2000\/svg\" xmlns:xlink=\"http:\/\/www.w3.org\/1999\/xlink\" x=\"0px\" y=\"0px\" width=\"35.375px\" height=\"11.125px\" viewbox=\"0 0 35.375 12.125\" enable-background=\"new 0 0 35.375 12.125\" xml:space=\"preserve\"><g><line x1=\"0.198\" y1=\"6.078\" x2=\"35.088\" y2=\"6.047\"\/><line x1=\"29.823\" y1=\"1\" x2=\"34.745\" y2=\"5.922\"\/><line x1=\"29.823\" y1=\"11.125\" x2=\"34.745\" y2=\"6.203\"\/><\/g><\/svg>\t\t\t<\/span><\/a>\t<\/div>\n<\/div>\n\t\t\t\t<\/div>\n\t\t\t\t<\/div>\n\t\t\t\t\t<\/div>\n\t\t<\/div>\n\t\t\t\t\t<\/div>\n\t\t<\/section>\n\t\t\t\t<section class=\"elementor-section elementor-top-section elementor-element elementor-element-cc3e78b elementor-section-boxed elementor-section-height-default elementor-section-height-default qodef-elementor-content-no\" data-id=\"cc3e78b\" data-element_type=\"section\" data-e-type=\"section\">\n\t\t\t\t\t\t<div class=\"elementor-container elementor-column-gap-default\">\n\t\t\t\t\t<div class=\"elementor-column elementor-col-100 elementor-top-column elementor-element elementor-element-4ef65db\" data-id=\"4ef65db\" data-element_type=\"column\" data-e-type=\"column\">\n\t\t\t<div class=\"elementor-widget-wrap elementor-element-populated\">\n\t\t\t\t\t\t<div class=\"elementor-element elementor-element-ead242d elementor-widget__width-initial elementor-widget-tablet__width-inherit elementor-widget elementor-widget-swissdelight_core_section_title\" data-id=\"ead242d\" data-element_type=\"widget\" data-e-type=\"widget\" data-widget_type=\"swissdelight_core_section_title.default\">\n\t\t\t\t<div class=\"elementor-widget-container\">\n\t\t\t\t\t<div class=\"qodef-shortcode qodef-m  qodef-section-title qodef-alignment--center  qodef-appear-animation--enabled\">\n\t\t\t\t<div class=\"qodef-m-button\">\n\t\t<a class=\"qodef-shortcode qodef-m  qodef-button qodef-layout--outlined  qodef-html--link qodef-has-icon\" href=\"\/en\/alergenai\/\" target=\"_blank\"  >\t<span class=\"qodef-m-border--top-left\" ><\/span>    <span class=\"qodef-m-border--bottom-right\" ><\/span>    <span class=\"qodef-m-text\">Allergens\t\t\t\t\t<svg class=\"qodef-m-svg-icon\" xmlns=\"http:\/\/www.w3.org\/2000\/svg\" xmlns:xlink=\"http:\/\/www.w3.org\/1999\/xlink\" x=\"0px\" y=\"0px\" width=\"35.375px\" height=\"11.125px\" viewbox=\"0 0 35.375 12.125\" enable-background=\"new 0 0 35.375 12.125\" xml:space=\"preserve\"><g><line x1=\"0.198\" y1=\"6.078\" x2=\"35.088\" y2=\"6.047\"\/><line x1=\"29.823\" y1=\"1\" x2=\"34.745\" y2=\"5.922\"\/><line x1=\"29.823\" y1=\"11.125\" x2=\"34.745\" y2=\"6.203\"\/><\/g><\/svg>\t\t\t<\/span><\/a>\t<\/div>\n<\/div>\n\t\t\t\t<\/div>\n\t\t\t\t<\/div>\n\t\t\t\t\t<\/div>\n\t\t<\/div>\n\t\t\t\t\t<\/div>\n\t\t<\/section>\n\t\t\t\t<section class=\"elementor-section elementor-top-section elementor-element elementor-element-a77dd49 elementor-section-boxed elementor-section-height-default elementor-section-height-default qodef-elementor-content-no\" data-id=\"a77dd49\" data-element_type=\"section\" data-e-type=\"section\">\n\t\t\t\t\t\t<div class=\"elementor-container elementor-column-gap-default\">\n\t\t\t\t\t<div class=\"elementor-column elementor-col-100 elementor-top-column elementor-element elementor-element-8a363c2\" data-id=\"8a363c2\" data-element_type=\"column\" data-e-type=\"column\">\n\t\t\t<div class=\"elementor-widget-wrap elementor-element-populated\">\n\t\t\t\t\t\t<div class=\"elementor-element elementor-element-49a590c elementor-widget elementor-widget-spacer\" data-id=\"49a590c\" data-element_type=\"widget\" data-e-type=\"widget\" data-widget_type=\"spacer.default\">\n\t\t\t\t<div class=\"elementor-widget-container\">\n\t\t\t\t\t\t\t<div class=\"elementor-spacer\">\n\t\t\t<div class=\"elementor-spacer-inner\"><\/div>\n\t\t<\/div>\n\t\t\t\t\t\t<\/div>\n\t\t\t\t<\/div>\n\t\t\t\t\t<\/div>\n\t\t<\/div>\n\t\t\t\t\t<\/div>\n\t\t<\/section>\n\t\t\t\t<section class=\"elementor-section elementor-top-section elementor-element elementor-element-c4d9687 elementor-section-boxed elementor-section-height-default elementor-section-height-default qodef-elementor-content-no\" data-id=\"c4d9687\" data-element_type=\"section\" data-e-type=\"section\">\n\t\t\t\t\t\t<div class=\"elementor-container elementor-column-gap-default\">\n\t\t\t\t\t<div class=\"elementor-column elementor-col-100 elementor-top-column elementor-element elementor-element-699312e\" data-id=\"699312e\" data-element_type=\"column\" data-e-type=\"column\">\n\t\t\t<div class=\"elementor-widget-wrap elementor-element-populated\">\n\t\t\t\t\t\t<div class=\"elementor-element elementor-element-9c1f2d7 elementor-widget elementor-widget-html\" data-id=\"9c1f2d7\" data-element_type=\"widget\" data-e-type=\"widget\" data-widget_type=\"html.default\">\n\t\t\t\t<div class=\"elementor-widget-container\">\n\t\t\t\t\t<div id=\"bakery-inquiry-form\"><\/div>\r\n<script>\r\n  (function() {\r\n    var iframe = document.createElement('iframe');\r\n    iframe.src = 'https:\/\/www.bakeonyx.ai\/embed\/inquiry\/laroche';\r\n    iframe.width = '100%';\r\n    iframe.height = '900px';\r\n    iframe.frameBorder = '0';\r\n    iframe.style.border = 'none';\r\n    iframe.style.maxWidth = '100%';\r\n    iframe.title = 'LAROCH\u00c9 Inquiry Form';\r\n    document.getElementById('bakery-inquiry-form').appendChild(iframe);\r\n  })();\r\n<\/script>\t\t\t\t<\/div>\n\t\t\t\t<\/div>\n\t\t\t\t\t<\/div>\n\t\t<\/div>\n\t\t\t\t\t<\/div>\n\t\t<\/section>\n\t\t\t\t<section class=\"elementor-section elementor-top-section elementor-element elementor-element-05a279a elementor-hidden-desktop elementor-hidden-tablet elementor-hidden-mobile elementor-section-boxed elementor-section-height-default elementor-section-height-default qodef-elementor-content-no\" data-id=\"05a279a\" data-element_type=\"section\" data-e-type=\"section\">\n\t\t\t\t\t\t<div class=\"elementor-container elementor-column-gap-default\">\n\t\t\t\t\t<div class=\"elementor-column elementor-col-100 elementor-top-column elementor-element elementor-element-45b1636\" data-id=\"45b1636\" data-element_type=\"column\" data-e-type=\"column\">\n\t\t\t<div class=\"elementor-widget-wrap elementor-element-populated\">\n\t\t\t\t\t\t<div class=\"elementor-element elementor-element-fc0e258 elementor-widget elementor-widget-text-editor\" data-id=\"fc0e258\" data-element_type=\"widget\" data-e-type=\"widget\" data-widget_type=\"text-editor.default\">\n\t\t\t\t<div class=\"elementor-widget-container\">\n\t\t\t\t\t\t\t\t\t<p><strong>Jeigu \u0161iame puslapyje \u017eemiau esanti forma neveikia tinkamai, rekomenduojame atidaryti i\u0161orin\u012f formos pildymo puslap\u012f:<\/strong><\/p>\t\t\t\t\t\t\t\t<\/div>\n\t\t\t\t<\/div>\n\t\t\t\t\t<\/div>\n\t\t<\/div>\n\t\t\t\t\t<\/div>\n\t\t<\/section>\n\t\t\t\t<section class=\"elementor-section elementor-top-section elementor-element elementor-element-409c329 elementor-hidden-desktop elementor-hidden-tablet elementor-hidden-mobile elementor-section-boxed elementor-section-height-default elementor-section-height-default qodef-elementor-content-no\" data-id=\"409c329\" data-element_type=\"section\" data-e-type=\"section\">\n\t\t\t\t\t\t<div class=\"elementor-container elementor-column-gap-default\">\n\t\t\t\t\t<div class=\"elementor-column elementor-col-100 elementor-top-column elementor-element elementor-element-51af25b\" data-id=\"51af25b\" data-element_type=\"column\" data-e-type=\"column\">\n\t\t\t<div class=\"elementor-widget-wrap elementor-element-populated\">\n\t\t\t\t\t\t<div class=\"elementor-element elementor-element-687f0cb elementor-widget__width-initial elementor-widget-tablet__width-inherit elementor-widget elementor-widget-swissdelight_core_section_title\" data-id=\"687f0cb\" data-element_type=\"widget\" data-e-type=\"widget\" data-widget_type=\"swissdelight_core_section_title.default\">\n\t\t\t\t<div class=\"elementor-widget-container\">\n\t\t\t\t\t<div class=\"qodef-shortcode qodef-m  qodef-section-title qodef-alignment--center  qodef-appear-animation--enabled\">\n\t\t\t\t<div class=\"qodef-m-button\">\n\t\t<a class=\"qodef-shortcode qodef-m  qodef-button qodef-layout--filled  qodef-html--link qodef-has-icon\" href=\"https:\/\/laroche.bakeboost.com\/enquiry\/form\" target=\"_blank\"  >\t<span class=\"qodef-m-text\">U\u017dKLAUSOS FORMA\t\t            <svg class=\"qodef-m-svg-icon\" xmlns=\"http:\/\/www.w3.org\/2000\/svg\" xmlns:xlink=\"http:\/\/www.w3.org\/1999\/xlink\" x=\"0px\" y=\"0px\" width=\"35.375px\" height=\"11.125px\" viewbox=\"0 0 35.375 12.125\" enable-background=\"new 0 0 35.375 12.125\" xml:space=\"preserve\"><g><line x1=\"0.198\" y1=\"6.078\" x2=\"35.088\" y2=\"6.047\"\/><line x1=\"29.823\" y1=\"1\" x2=\"34.745\" y2=\"5.922\"\/><line x1=\"29.823\" y1=\"11.125\" x2=\"34.745\" y2=\"6.203\"\/><\/g><\/svg>\t\t\t<\/span><\/a>\t<\/div>\n<\/div>\n\t\t\t\t<\/div>\n\t\t\t\t<\/div>\n\t\t\t\t\t<\/div>\n\t\t<\/div>\n\t\t\t\t\t<\/div>\n\t\t<\/section>\n\t\t\t\t<section class=\"elementor-section elementor-top-section elementor-element elementor-element-cc4c024 qodef-elementor-content-grid elementor-section-boxed elementor-section-height-default elementor-section-height-default\" data-id=\"cc4c024\" data-element_type=\"section\" data-e-type=\"section\" data-settings=\"{&quot;background_background&quot;:&quot;classic&quot;}\">\n\t\t\t\t\t\t<div class=\"elementor-container elementor-column-gap-default\">\n\t\t\t\t\t<div class=\"elementor-column elementor-col-33 elementor-top-column elementor-element elementor-element-c71dc8a\" data-id=\"c71dc8a\" data-element_type=\"column\" data-e-type=\"column\">\n\t\t\t<div class=\"elementor-widget-wrap elementor-element-populated\">\n\t\t\t\t\t\t<div class=\"elementor-element elementor-element-af93cf4 elementor-widget__width-auto elementor-widget elementor-widget-swissdelight_core_icon_with_text\" data-id=\"af93cf4\" data-element_type=\"widget\" data-e-type=\"widget\" data-widget_type=\"swissdelight_core_icon_with_text.default\">\n\t\t\t\t<div class=\"elementor-widget-container\">\n\t\t\t\t\t<div class=\"qodef-shortcode qodef-m  qodef-icon-with-text qodef-layout--before-title qodef--icon-pack\">\n\t<div class=\"qodef-m-content\">\n\t\t\t<h6 class=\"qodef-m-title\" >\n\t\t\t\t\t<a itemprop=\"url\" href=\"\/en\/kontaktai\/\" target=\"_self\">\n\t\t\t\t\t<span class=\"qodef-m-title-inner\">\n\t\t\t\t<span class=\"qodef-m-icon-wrapper\">\n\t\t\t\t\t<span class=\"qodef-shortcode qodef-m  qodef-icon-holder qodef-size--default qodef-layout--normal\"  >\t\t\t<span class=\"qodef-icon-simple-line-icons icon-people qodef-icon qodef-e\" style=\"\" ><\/span>\t<\/span>\t\t\t\t<\/span>\n\t\t\t\t<span class=\"qodef-m-title-text\">\n\t\t\t\t\tCustomer Service\t\t\t\t<\/span>\n\t\t\t<\/span>\n\t\t\t\t\t<\/a>\n\t\t\t<\/h6>\n\t\t\t<\/div>\n<\/div>\n\t\t\t\t<\/div>\n\t\t\t\t<\/div>\n\t\t\t\t\t<\/div>\n\t\t<\/div>\n\t\t\t\t<div class=\"elementor-column elementor-col-33 elementor-top-column elementor-element elementor-element-88b087c\" data-id=\"88b087c\" data-element_type=\"column\" data-e-type=\"column\">\n\t\t\t<div class=\"elementor-widget-wrap elementor-element-populated\">\n\t\t\t\t\t\t<div class=\"elementor-element elementor-element-b6ecb12 elementor-widget__width-auto elementor-widget elementor-widget-swissdelight_core_icon_with_text\" data-id=\"b6ecb12\" data-element_type=\"widget\" data-e-type=\"widget\" data-widget_type=\"swissdelight_core_icon_with_text.default\">\n\t\t\t\t<div class=\"elementor-widget-container\">\n\t\t\t\t\t<div class=\"qodef-shortcode qodef-m  qodef-icon-with-text qodef-layout--before-title qodef--icon-pack\">\n\t<div class=\"qodef-m-content\">\n\t\t\t<h6 class=\"qodef-m-title\" >\n\t\t\t\t\t<a itemprop=\"url\" href=\"\/en\/parduotuve\/\" target=\"_self\">\n\t\t\t\t\t<span class=\"qodef-m-title-inner\">\n\t\t\t\t<span class=\"qodef-m-icon-wrapper\">\n\t\t\t\t\t<span class=\"qodef-shortcode qodef-m  qodef-icon-holder qodef-size--default qodef-layout--normal\"  >\t\t\t<span class=\"qodef-icon-simple-line-icons icon-handbag qodef-icon qodef-e\" style=\"\" ><\/span>\t<\/span>\t\t\t\t<\/span>\n\t\t\t\t<span class=\"qodef-m-title-text\">\n\t\t\t\t\tBuy Online\t\t\t\t<\/span>\n\t\t\t<\/span>\n\t\t\t\t\t<\/a>\n\t\t\t<\/h6>\n\t\t\t<\/div>\n<\/div>\n\t\t\t\t<\/div>\n\t\t\t\t<\/div>\n\t\t\t\t\t<\/div>\n\t\t<\/div>\n\t\t\t\t<div class=\"elementor-column elementor-col-33 elementor-top-column elementor-element elementor-element-ffae998\" data-id=\"ffae998\" data-element_type=\"column\" data-e-type=\"column\">\n\t\t\t<div class=\"elementor-widget-wrap elementor-element-populated\">\n\t\t\t\t\t\t<div class=\"elementor-element elementor-element-21f1cad elementor-widget__width-auto elementor-widget elementor-widget-swissdelight_core_icon_with_text\" data-id=\"21f1cad\" data-element_type=\"widget\" data-e-type=\"widget\" data-widget_type=\"swissdelight_core_icon_with_text.default\">\n\t\t\t\t<div class=\"elementor-widget-container\">\n\t\t\t\t\t<div class=\"qodef-shortcode qodef-m  qodef-icon-with-text qodef-layout--before-title qodef--icon-pack\">\n\t<div class=\"qodef-m-content\">\n\t\t\t<h6 class=\"qodef-m-title\" >\n\t\t\t\t\t<a itemprop=\"url\" href=\"\/en\/blog\/\" target=\"_self\">\n\t\t\t\t\t<span class=\"qodef-m-title-inner\">\n\t\t\t\t<span class=\"qodef-m-icon-wrapper\">\n\t\t\t\t\t<span class=\"qodef-shortcode qodef-m  qodef-icon-holder qodef-size--default qodef-layout--normal\"  >\t\t\t<span class=\"qodef-icon-simple-line-icons icon-note qodef-icon qodef-e\" style=\"\" ><\/span>\t<\/span>\t\t\t\t<\/span>\n\t\t\t\t<span class=\"qodef-m-title-text\">\n\t\t\t\t\tBLOG\t\t\t\t<\/span>\n\t\t\t<\/span>\n\t\t\t\t\t<\/a>\n\t\t\t<\/h6>\n\t\t\t<\/div>\n<\/div>\n\t\t\t\t<\/div>\n\t\t\t\t<\/div>\n\t\t\t\t\t<\/div>\n\t\t<\/div>\n\t\t\t\t\t<\/div>\n\t\t<\/section>\n\t\t\t\t<\/div>","protected":false},"excerpt":{"rendered":"<p>LAROCH\u00c9 KONDITERIJOS U\u017dKLAUSOS FORMA\u0160ventei Sveiki atvyk\u0119 \u012f LAROCH\u00c9 \u0161ventini\u0173 desert\u0173 u\u017eklausos puslap\u012f. Po formos pateikimo mes per\u017ei\u016br\u0117sime J\u016bs\u0173 pateikt\u0105 informacij\u0105 ir pageidavimus, susisieksime d\u0117l tolimesnio u\u017esakymo derinimo ir patvirtinimo. Prie\u0161 pildant u\u017eklausos form\u0105 kvie\u010diame susipa\u017einti su \u0161ia aktualia informacija: KONDITERIJOS MENIU Esminiai klausimai &#8211; atsakymai Pristatymo paslauga Alergenai Jeigu \u0161iame puslapyje \u017eemiau esanti forma neveikia [&hellip;]<\/p>\n","protected":false},"author":1,"featured_media":0,"parent":0,"menu_order":0,"comment_status":"closed","ping_status":"closed","template":"page-full-width.php","meta":{"footnotes":""},"class_list":["post-19699","page","type-page","status-publish","hentry"],"aioseo_notices":[],"jetpack_sharing_enabled":true,"_links":{"self":[{"href":"https:\/\/laroche.lt\/en\/wp-json\/wp\/v2\/pages\/19699","targetHints":{"allow":["GET"]}}],"collection":[{"href":"https:\/\/laroche.lt\/en\/wp-json\/wp\/v2\/pages"}],"about":[{"href":"https:\/\/laroche.lt\/en\/wp-json\/wp\/v2\/types\/page"}],"author":[{"embeddable":true,"href":"https:\/\/laroche.lt\/en\/wp-json\/wp\/v2\/users\/1"}],"replies":[{"embeddable":true,"href":"https:\/\/laroche.lt\/en\/wp-json\/wp\/v2\/comments?post=19699"}],"version-history":[{"count":193,"href":"https:\/\/laroche.lt\/en\/wp-json\/wp\/v2\/pages\/19699\/revisions"}],"predecessor-version":[{"id":20440,"href":"https:\/\/laroche.lt\/en\/wp-json\/wp\/v2\/pages\/19699\/revisions\/20440"}],"wp:attachment":[{"href":"https:\/\/laroche.lt\/en\/wp-json\/wp\/v2\/media?parent=19699"}],"curies":[{"name":"wp","href":"https:\/\/api.w.org\/{rel}","templated":true}]}}