{"id":12051,"date":"2023-05-18T20:02:08","date_gmt":"2023-05-18T17:02:08","guid":{"rendered":"https:\/\/laroche.lt\/?post_type=product&#038;p=12051"},"modified":"2025-11-07T16:10:13","modified_gmt":"2025-11-07T13:10:13","slug":"kava-laroche-no1-malta","status":"publish","type":"product","link":"https:\/\/laroche.lt\/en\/product\/kava-laroche-no1-malta\/","title":{"rendered":"Coffee Laroch\u00e9 No1, ground"},"content":{"rendered":"","protected":false},"excerpt":{"rendered":"<p>Coffee Laroch\u00e9 No1, ground<\/p>\n<p>A selection of Arabica coffee beans from sunny COLOMBIA and BRAZIL. Ground beans are perfect for cupping or filter brewing<\/p>\n<p>The LAROCH\u00c9 blend is balanced for our Nordic taste: a captivating aroma, a distinctive taste and a long-lasting aftertaste. Free from excessive acidity and unwanted bitterness. The excellent taste and aroma are accompanied by a firm, creamy foam.<br \/>\nBrazilian coffee: probably the most aromatic, with a characteristic sweet aroma. The taste is characterised by nutty and caramel notes. Colombian coffee: milder than the latter, with fruitiness and a distinct cherry finish.<\/p>\n<p>In BRAZIL, most coffee trees grow at relatively low altitudes of up to 1km above sea level, while in other coffee countries coffee trees grow at altitudes of 1.5-2km. The beans are dry-dried in the sun and then roasted medium in Lithuania, resulting in a flavour with strong nutty and caramel notes and a creamy, dense body. It is probably the most aromatic coffee with a very characteristic sweet aroma.<br \/>\nCOLOMBIA is a special country because of its diversity of climates, from the Amazon rainforest to the highlands of the Andes. The coffee tree ripens at a much higher altitude than in Brazil - up to 1.9 km above sea level. They are constantly blessed by tropical rains. The processing method for this coffee is wet. The Colombian coffee has a distinct fruitiness and a hint of cherry compote. It is milder and lighter than Brazilian coffee.<\/p>\n<p>INGREDIENTS: arabica coffee beans 100%<\/p>\n<p>Countries of origin:<br \/>\n100% Arabica: Brazil<br \/>\n100% Arabica: Kolumbien<\/p>\n<p>Net weight: 250g<\/p>\n<p>Packaging: plastic protective bag with opening <em>zipper&#8217;iu<\/em> and a closing strip for safe storage.<br \/>\n<em>* \u012fpakavimas \u0161iuo metu skiriasi nuo pateikto nuotraukoje. \u0160iuo metu galimi u\u017esakyti balti mai\u0161eliai su lipdukais ant vir\u0161aus.<\/em><\/p>\n<p>&nbsp;<\/p>\n<p><a href=\"http:\/\/laroche.lt\/en\/laroche-prekybos-partneriai\/\" target=\"_blank\" rel=\"noopener noreferrer\">COFFEE AVAILABLE FROM OUR PARTNERS<\/a><\/p>","protected":false},"featured_media":12109,"comment_status":"closed","ping_status":"closed","template":"","meta":[],"product_brand":[],"product_cat":[80,66],"product_tag":[],"class_list":{"0":"post-12051","1":"product","2":"type-product","3":"status-publish","4":"has-post-thumbnail","6":"product_cat-kava","7":"product_cat-populiariausios","9":"first","10":"instock","11":"taxable","12":"shipping-taxable","13":"purchasable","14":"product-type-simple"},"aioseo_notices":[],"jetpack_sharing_enabled":true,"_links":{"self":[{"href":"https:\/\/laroche.lt\/en\/wp-json\/wp\/v2\/product\/12051","targetHints":{"allow":["GET"]}}],"collection":[{"href":"https:\/\/laroche.lt\/en\/wp-json\/wp\/v2\/product"}],"about":[{"href":"https:\/\/laroche.lt\/en\/wp-json\/wp\/v2\/types\/product"}],"replies":[{"embeddable":true,"href":"https:\/\/laroche.lt\/en\/wp-json\/wp\/v2\/comments?post=12051"}],"wp:featuredmedia":[{"embeddable":true,"href":"https:\/\/laroche.lt\/en\/wp-json\/wp\/v2\/media\/12109"}],"wp:attachment":[{"href":"https:\/\/laroche.lt\/en\/wp-json\/wp\/v2\/media?parent=12051"}],"wp:term":[{"taxonomy":"product_brand","embeddable":true,"href":"https:\/\/laroche.lt\/en\/wp-json\/wp\/v2\/product_brand?post=12051"},{"taxonomy":"product_cat","embeddable":true,"href":"https:\/\/laroche.lt\/en\/wp-json\/wp\/v2\/product_cat?post=12051"},{"taxonomy":"product_tag","embeddable":true,"href":"https:\/\/laroche.lt\/en\/wp-json\/wp\/v2\/product_tag?post=12051"}],"curies":[{"name":"wp","href":"https:\/\/api.w.org\/{rel}","templated":true}]}}