{"id":12105,"date":"2023-05-18T20:03:29","date_gmt":"2023-05-18T17:03:29","guid":{"rendered":"https:\/\/laroche.lt\/?post_type=product&#038;p=12105"},"modified":"2025-03-05T16:05:56","modified_gmt":"2025-03-05T13:05:56","slug":"laroche-ranku-darbo-sokoladu-kolekcija-5x30","status":"publish","type":"product","link":"https:\/\/laroche.lt\/en\/product\/laroche-ranku-darbo-sokoladu-kolekcija-5x30\/","title":{"rendered":"LAROCH\u00c9 handmade chocolate collection 5X30"},"content":{"rendered":"<p>Handmade LAROCH\u00c9 chocolates made with love. Our philosophy: every single dig is the most important!<\/p>\n<p>We pay a lot of attention to detail when casting and decorating chocolate. The appearance of newborn chocolate is unique - with authentic shapes and markings - just like all of us humans.<\/p>\n<p>Our chocolates are made from the highest quality cocoa beans grown in West Africa, South America and the Asian archipelagos. Chocolates contain between 10% and 20% (by weight) of carefully selected additives and flavourings. All ingredients travel only from trusted producers and farmers. We use several types of nuts, dried and freeze-dried fruits and berries, various spices, arabica coffee and other natural products. We do not use colourings, flavour enhancers or other unnatural substances.<\/p>\n<p>Most of the chocolate we use belongs to the Cocoa Horizons Foundation, which operates in C\u00f4te d'Ivoire, Ghana and Cameroon. The Foundation works to educate cocoa farmers and their communities, to provide access to clean water and medicine, to provide child labour in Africa, and to improve their daily lives. We are happy to contribute to a better tomorrow.<\/p>","protected":false},"excerpt":{"rendered":"<p><strong>LAROCH\u00c9 PREMIUM COLLECTION OF HANDMADE CHOCOLATES 5X30: N\u00b0 1 + N\u00b0 2 + N\u00b0 4 + N\u00b0 5 + N\u00b0 6. <\/strong><\/p>\n<p>Tai penki\u0173 30g \u0161okolad\u0173 kolekcija. Rinkinys skirtas norintiems paragauti penkis LAROCH\u00c9 CHOCOLATE skonius arba ie\u0161kantiems orignalios gurmani\u0161kos dovanos brangiems \u017emon\u0117ms ar partneriams.<\/p>\n<p><span style=\"color: #ff0000\"><strong><a style=\"color: #ff0000\" href=\"https:\/\/laroche.lt\/en\/academy-of-chocolate-apdovanojimas-bronza\/\" target=\"_blank\" rel=\"noopener\">Academy of Chocolate BRONZE AWARDS: <\/a><a style=\"color: #ff0000\" href=\"\/en\/product\/matcha-sokoladas-no1-laroche\/\" target=\"_blank\" rel=\"noopener noreferrer\">N\u00b01<\/a><a style=\"color: #ff0000\" href=\"https:\/\/laroche.lt\/en\/academy-of-chocolate-apdovanojimas-bronza\/\" target=\"_blank\" rel=\"noopener\"> &amp; <\/a><a style=\"color: #ff0000\" href=\"\/en\/product\/karamelinis-sokoladas-su-imbieru-ir-masala\/\" target=\"_blank\" rel=\"noopener noreferrer\">N\u00b02<\/a><\/strong><\/span><\/p>\n<p><a href=\"\/en\/product\/matcha-sokoladas-no1-laroche\/\">White matcha chocolate with Oishii matcha tea, sprouted buckwheat, strawberries and lime crisp N\u00b01<\/a><\/p>\n<p><a href=\"\/en\/product\/karamelinis-sokoladas-su-imbieru-ir-masala\/\" target=\"_blank\" rel=\"noopener noreferrer\">Caramel chocolate with ginger and masala N\u00b02<\/a><\/p>\n<p><a href=\"\/en\/product\/ruby-sokoladas-su-pistacijomis-ir-uogomis\/\" target=\"_blank\" rel=\"noopener noreferrer\">Ruby chocolate with pistachios and berries N\u00b04<\/a><\/p>\n<p><a href=\"\/en\/product\/se-tamsusis-sokoladas-su-kava-ziedadulkemis-ir-pipirais\/\" target=\"_blank\" rel=\"noopener noreferrer\">64% dark chocolate with cocoa beans, coffee, pollen and pepper N\u00b05<\/a><\/p>\n<p><a href=\"https:\/\/laroche.lt\/en\/product\/pieniskas-sokoladas-su-obuoliais-apelsinais-cinamonu-laroche-no6\/\" target=\"_blank\" rel=\"noopener\">Milk chocolate with apples, orange peel and cinnamon N\u00b06<\/a><\/p>\n<p>It is the perfect gift for someone who appreciates a variety of flavors, exclusivity and premium quality.<\/p>\n<p>Packaging: cartons, plastic bag with bottom.<\/p>\n<p>&nbsp;<\/p>\n<p><a href=\"http:\/\/laroche.lt\/en\/laroche-prekybos-partneriai\/\" target=\"_blank\" rel=\"noopener noreferrer\">CHOCOLATES ARE ALSO AVAILABLE FROM OUR PARTNERS<\/a><\/p>","protected":false},"featured_media":12192,"comment_status":"closed","ping_status":"closed","template":"","meta":[],"product_brand":[],"product_cat":[79,66],"product_tag":[],"class_list":{"0":"post-12105","1":"product","2":"type-product","3":"status-publish","4":"has-post-thumbnail","6":"product_cat-sokoladas","7":"product_cat-populiariausios","9":"first","10":"instock","11":"taxable","12":"shipping-taxable","13":"purchasable","14":"product-type-simple"},"aioseo_notices":[],"jetpack_sharing_enabled":true,"_links":{"self":[{"href":"https:\/\/laroche.lt\/en\/wp-json\/wp\/v2\/product\/12105","targetHints":{"allow":["GET"]}}],"collection":[{"href":"https:\/\/laroche.lt\/en\/wp-json\/wp\/v2\/product"}],"about":[{"href":"https:\/\/laroche.lt\/en\/wp-json\/wp\/v2\/types\/product"}],"replies":[{"embeddable":true,"href":"https:\/\/laroche.lt\/en\/wp-json\/wp\/v2\/comments?post=12105"}],"wp:featuredmedia":[{"embeddable":true,"href":"https:\/\/laroche.lt\/en\/wp-json\/wp\/v2\/media\/12192"}],"wp:attachment":[{"href":"https:\/\/laroche.lt\/en\/wp-json\/wp\/v2\/media?parent=12105"}],"wp:term":[{"taxonomy":"product_brand","embeddable":true,"href":"https:\/\/laroche.lt\/en\/wp-json\/wp\/v2\/product_brand?post=12105"},{"taxonomy":"product_cat","embeddable":true,"href":"https:\/\/laroche.lt\/en\/wp-json\/wp\/v2\/product_cat?post=12105"},{"taxonomy":"product_tag","embeddable":true,"href":"https:\/\/laroche.lt\/en\/wp-json\/wp\/v2\/product_tag?post=12105"}],"curies":[{"name":"wp","href":"https:\/\/api.w.org\/{rel}","templated":true}]}}