{"id":12108,"date":"2023-05-18T20:03:32","date_gmt":"2023-05-18T17:03:32","guid":{"rendered":"https:\/\/laroche.lt\/?post_type=product&#038;p=12108"},"modified":"2025-03-05T16:06:46","modified_gmt":"2025-03-05T13:06:46","slug":"kava-laroche-no2-pupeles","status":"publish","type":"product","link":"https:\/\/laroche.lt\/en\/product\/kava-laroche-no2-pupeles\/","title":{"rendered":"Coffee Laroch\u00e9 No2, beans"},"content":{"rendered":"","protected":false},"excerpt":{"rendered":"<p>Laroch\u00e9 No2 Espresso Blend, beans - even more aroma and a tart espresso flavour!<\/p>\n<p>A selection of arabica and slightly robusta beans for brewing in coffee robes.<\/p>\n<p>A coffee with an intense flavour and aroma, made from two types of beans grown in different parts of the world: arabica from Central America and robusta from Vietnam. The result of this combination, special proportions and careful roasting, is an Italian-style coffee with a firm consistency and a thick crema foam. It has a lingering aftertaste of roasted nuts, gradually giving way to a chocolate tone. Recommended preparation methods: moka caf\u00e9, semi-automatic, fully automatic, professional coffee machine.<br \/>\nPupeli\u0173 apdorojimo b\u016bdai: sausas + \u0161lapias.<\/p>\n<p>INGREDIENTS: arabica and robusta coffee beans<\/p>\n<p>Countries of origin:<br \/>\n90% Arabica: Central American blend<br \/>\n10% Robusta: Vietnam<\/p>\n<p>Net weight: 250g<br \/>\nPackaging: plastic protective bag with opening <em>zipper&#8217;iu<\/em> and a closing strip for safe storage.<\/p>\n<p>&nbsp;<\/p>\n<p><a href=\"http:\/\/laroche.lt\/en\/laroche-prekybos-partneriai\/\" target=\"_blank\" rel=\"noopener noreferrer\">COFFEE AVAILABLE FROM OUR PARTNERS<\/a><\/p>","protected":false},"featured_media":12218,"comment_status":"closed","ping_status":"closed","template":"","meta":[],"product_brand":[],"product_cat":[80],"product_tag":[],"class_list":{"0":"post-12108","1":"product","2":"type-product","3":"status-publish","4":"has-post-thumbnail","6":"product_cat-kava","8":"first","9":"instock","10":"taxable","11":"shipping-taxable","12":"purchasable","13":"product-type-simple"},"aioseo_notices":[],"jetpack_sharing_enabled":true,"_links":{"self":[{"href":"https:\/\/laroche.lt\/en\/wp-json\/wp\/v2\/product\/12108","targetHints":{"allow":["GET"]}}],"collection":[{"href":"https:\/\/laroche.lt\/en\/wp-json\/wp\/v2\/product"}],"about":[{"href":"https:\/\/laroche.lt\/en\/wp-json\/wp\/v2\/types\/product"}],"replies":[{"embeddable":true,"href":"https:\/\/laroche.lt\/en\/wp-json\/wp\/v2\/comments?post=12108"}],"wp:featuredmedia":[{"embeddable":true,"href":"https:\/\/laroche.lt\/en\/wp-json\/wp\/v2\/media\/12218"}],"wp:attachment":[{"href":"https:\/\/laroche.lt\/en\/wp-json\/wp\/v2\/media?parent=12108"}],"wp:term":[{"taxonomy":"product_brand","embeddable":true,"href":"https:\/\/laroche.lt\/en\/wp-json\/wp\/v2\/product_brand?post=12108"},{"taxonomy":"product_cat","embeddable":true,"href":"https:\/\/laroche.lt\/en\/wp-json\/wp\/v2\/product_cat?post=12108"},{"taxonomy":"product_tag","embeddable":true,"href":"https:\/\/laroche.lt\/en\/wp-json\/wp\/v2\/product_tag?post=12108"}],"curies":[{"name":"wp","href":"https:\/\/api.w.org\/{rel}","templated":true}]}}