{"id":12304,"date":"2023-05-18T20:10:50","date_gmt":"2023-05-18T17:10:50","guid":{"rendered":"https:\/\/laroche.lt\/?post_type=product&#038;p=12304"},"modified":"2025-11-07T16:17:09","modified_gmt":"2025-11-07T13:17:09","slug":"karamelinis-sokoladas-su-imbieru-ir-masala-laroche-n-2-30-g","status":"publish","type":"product","link":"https:\/\/laroche.lt\/en\/product\/karamelinis-sokoladas-su-imbieru-ir-masala-laroche-n-2-30-g\/","title":{"rendered":"Caramel chocolate with biscuits, ginger and masala spices LAROCH\u00c9 N\u00b0 2, 30 g"},"content":{"rendered":"<p><span style=\"letter-spacing: 0.01em;\">LAROCH\u00c9 handmade chocolates made with love. Our philosophy: every bite counts! We are a small family-run artisan business based in Kaunas. We are creative souls, looking for new flavours and our own limits. We deeply believe that quality is the most important ingredient. We pay a lot of attention to detail when casting and decorating chocolate. The appearance of newborn chocolate is unique - with authentic shapes and markings - just like all of us humans.<\/span><\/p>\n<p><span style=\"color: #241c10; font-family: Cormorant, serif; font-size: 21px; font-weight: 600; text-transform: uppercase; letter-spacing: 0.01em;\">STORAGE CONDITIONS:<\/span><\/p>\n<p><span style=\"letter-spacing: 0.01em;\">Store in a cool, dry place between +12 \u00b0C and +21 \u00b0C.<\/span><\/p>\n<p><span style=\"color: #241c10; font-family: Cormorant, serif; font-size: 21px; font-weight: 600; text-transform: uppercase; letter-spacing: 0.01em;\">DECLARATION OF NUTRITION, 100 g:<\/span><\/p>\n<p>Energy: 534 kcal \/ 2232 kJ. Fat: 31 g of which saturates 19 g; carbohydrates 56 g of which sugars 51 g; protein 6,9 g; salt 0,69 g. Contains at least 30% cocoa solids and at least 28% milk solids.<\/p>\n<p><span style=\"color: #241c10; font-family: Cormorant, serif; font-size: 21px; font-weight: 600; text-transform: uppercase; letter-spacing: 0.01em;\">INGREDIENTS:<\/span><\/p>\n<p>Baltasis \u0161okoladas (kakavos sviestas, kakavos mas\u0117, cukrus, PIENO milteliai, PIENO cukrus (LAKTOZ\u0116), PIENO i\u0161r\u016bg\u0173 milteliai, nugriebto PIENO milteliai, karamelizuotas cukrus, emulsiklis: SOJ\u0172 lecitinas, vanil\u0117s ekstraktas, druska); imbieriniai sausainiai (12%) (KVIETINIAI miltai, cukrus, sviestas, invertuotas cukraus sirupas, druska, valgomoji soda, cinamonas, imbieras, gvazdik\u0117liai); imbieras (11%) (cukrus, d\u017eiovintas imbieras, konservantas E220 (0.01%)); prieskoni\u0173 mi\u0161inys \u201egaram masala\u201c (0,4%) (cinamonas, kardamonas, imbieras); j\u016bros druska (0,1%); tonkos pupel\u0117 (0,1%). Be prid\u0117tini\u0173 augalini\u0173 riebal\u0173.<\/p>\n<p><span style=\"color: #241c10; font-family: Cormorant, serif; font-size: 21px; font-weight: 600; text-transform: uppercase; letter-spacing: 0.01em;\">NET QUANTITY:<\/span><\/p>\n<p><span style=\"letter-spacing: 0.01em;\">30 g (\u00b1 5 g)<\/span><\/p>\n<p><span style=\"color: #241c10; font-family: Cormorant, serif; font-size: 21px; font-weight: 600; text-transform: uppercase; letter-spacing: 0.01em;\">PACKAGING:<\/span><\/p>\n<p><span style=\"letter-spacing: 0.01em;\">Cardboard box, pouch for protection against environmental influences.<\/span><\/p>\n<p><span style=\"color: #241c10; font-family: Cormorant, serif; font-size: 21px; font-weight: 600; text-transform: uppercase; letter-spacing: 0.01em;\">DELIVERY:<\/span><\/p>\n<p><span style=\"letter-spacing: 0.01em;\">We will pack them as best as we can and hopefully they will arrive to you as healthy as possible. We cannot send chocolates during the hot season, except on cool days.<\/span><\/p>","protected":false},"excerpt":{"rendered":"<p>HANDMADE WHITE CARAMEL CHOCOLATE LAROCH\u00c9 WITH GINGER COOKIES, GINGER, GARAM MASALA SPICES, SEA SALT AND TONKA BEAN. LAROCH\u00c9 Recipe N\u00b0 2<\/p>\n<p><strong><span style=\"color: #000000;\"><a style=\"color: #000000;\" href=\"\/en\/academy-of-chocolate-apdovanojimas-bronza\/\" target=\"_blank\" rel=\"noopener\">Academy of Chocolate BRONZE Award, 2020<\/a><\/span><\/strong><\/p>\n<p>This chocolate bar is the perfect combination of white chocolate and caramel. The exotic garam masala spices and the mysterious tonka bean guarantee a unique taste. The sweetness is counterbalanced by the refreshing yet spicy ginger cubes. The ginger biscuit pieces on the top and inside add even more delight to the palate. This combination is enhanced by the distinctive flavour of Fleur de sel sea salt.<\/p>\n<p><a href=\"http:\/\/212.24.106.162\/laroche-sokoladas-3-vieta-baltijos-salyse\/\" target=\"_blank\" rel=\"noopener noreferrer\">NAPA2 019 Bronze Award<\/a>\u00a0of package design<\/p>\n<p><a href=\"http:\/\/212.24.106.162\/laroche-prekybos-partneriai\/\" target=\"_blank\" rel=\"noopener noreferrer\">BUY IN YOUR CITY: ADDRESSES<\/a><\/p>","protected":false},"featured_media":12196,"comment_status":"open","ping_status":"closed","template":"","meta":[],"product_brand":[],"product_cat":[79],"product_tag":[],"class_list":{"0":"post-12304","1":"product","2":"type-product","3":"status-publish","4":"has-post-thumbnail","6":"product_cat-sokoladas","8":"first","9":"instock","10":"taxable","11":"shipping-taxable","12":"purchasable","13":"product-type-simple"},"aioseo_notices":[],"jetpack_sharing_enabled":true,"_links":{"self":[{"href":"https:\/\/laroche.lt\/en\/wp-json\/wp\/v2\/product\/12304","targetHints":{"allow":["GET"]}}],"collection":[{"href":"https:\/\/laroche.lt\/en\/wp-json\/wp\/v2\/product"}],"about":[{"href":"https:\/\/laroche.lt\/en\/wp-json\/wp\/v2\/types\/product"}],"replies":[{"embeddable":true,"href":"https:\/\/laroche.lt\/en\/wp-json\/wp\/v2\/comments?post=12304"}],"wp:featuredmedia":[{"embeddable":true,"href":"https:\/\/laroche.lt\/en\/wp-json\/wp\/v2\/media\/12196"}],"wp:attachment":[{"href":"https:\/\/laroche.lt\/en\/wp-json\/wp\/v2\/media?parent=12304"}],"wp:term":[{"taxonomy":"product_brand","embeddable":true,"href":"https:\/\/laroche.lt\/en\/wp-json\/wp\/v2\/product_brand?post=12304"},{"taxonomy":"product_cat","embeddable":true,"href":"https:\/\/laroche.lt\/en\/wp-json\/wp\/v2\/product_cat?post=12304"},{"taxonomy":"product_tag","embeddable":true,"href":"https:\/\/laroche.lt\/en\/wp-json\/wp\/v2\/product_tag?post=12304"}],"curies":[{"name":"wp","href":"https:\/\/api.w.org\/{rel}","templated":true}]}}