{"id":16766,"date":"2024-10-03T16:50:16","date_gmt":"2024-10-03T13:50:16","guid":{"rendered":"https:\/\/laroche.lt\/?post_type=product&#038;p=16766"},"modified":"2025-12-11T11:26:35","modified_gmt":"2025-12-11T08:26:35","slug":"yuzu-pistaciju-karamele-laroche","status":"publish","type":"product","link":"https:\/\/laroche.lt\/en\/product\/yuzu-pistaciju-karamele-laroche\/","title":{"rendered":"Yuzu &#8211; pistacij\u0173 karamel\u0117 Laroch\u00e9"},"content":{"rendered":"<h6 class=\"wp-block-heading\">CONDITIONS OF USE AND STORAGE:<\/h6>\r\n\r\n\r\n\r\n<p>Store and consume at room temperature (18-20'C). Once opened and not consumed immediately, we recommend storing the sealed jar in the fridge.<\/p>\r\n\r\n\r\n\r\n<figure class=\"wp-block-image\"><img data-recalc-dims=\"1\" decoding=\"async\" src=\"https:\/\/i0.wp.com\/swissdelight.qodeinteractive.com\/wp-content\/uploads\/2021\/02\/shop-item-showcase-img2.png?w=1300&#038;ssl=1\" alt=\"s\" \/><\/figure>\r\n\r\n\r\n\r\n<p>&nbsp;<\/p>\r\n\r\n\r\n\r\n<h6 class=\"wp-block-heading\">DECLARATION OF NUTRITION, 100 g:<\/h6>\r\n\r\n\r\n\r\n<p>Energin\u0117 vert\u0117: 342 kcal \/ 1436 kJ. Riebalai 20,50 g, i\u0161 kuri\u0173 so\u010di\u0173j\u0173 riebal\u0173 r\u016bg\u0161\u010di\u0173 3,80 g; angliavandeniai 40,33 g, i\u0161 kuri\u0173 cukr\u0173 33,83 g; baltymai 2,86 g; druska 0,005 g. Be prid\u0117tini\u0173 augalini\u0173 riebal\u0173, be da\u017eikli\u0173.<\/p>\r\n\r\n\r\n\r\n<h6 class=\"wp-block-heading\">INGREDIENTS:<\/h6>\r\n\r\n\r\n\r\n<p>Grietin\u0117l\u0117 (karvi\u0173 PIENO), cukrus, PISTACIJ\u0172 RIE\u0160UT\u0172 pasta (10%), juzu vaisiaus piure (8%), gliukoz\u0117s sirupas, invertinio cukraus pasta, sviestas (karvi\u0173 PIENO), vanduo, sorbitolis, dekstroz\u0117, kakavos sviestas, j\u016bros druska, kepimo soda.<\/p>\r\n\r\n\r\n\r\n<h6 class=\"wp-block-heading\">Net quantity:<\/h6>\r\n\r\n\r\n\r\n<p>210 g (\u00b110 g)<\/p>\r\n\r\n\r\n\r\n<h6 class=\"wp-block-heading\">PACKAGING:<\/h6>\r\n\r\n\r\n\r\n<p>Glass jar with metal lid<\/p>","protected":false},"excerpt":{"rendered":"<p>RANK\u0172 DARBO YUZU &#8211; PISTACIJ\u0172 KARAMEL\u0116 LAROCH\u00c9<\/p>\n<p>GREAT TASTE AWARD 2024<\/p>\n<p>LAROCH\u00c9 k\u016brinys, kuris buvo apdovanotas pasaulin\u0117s reik\u0161m\u0117s Great Taste Awards apdovanojimu. Egzoti\u0161kojo japoninio juzu (kvapniojo mandarino) ir vis\u0173 mylim\u0173 pistacij\u0173 derinys. I\u0161rai\u0161kingo skonio, su \u0161iek tiek r\u016bg\u0161tel\u0117s, vidutinio saldumo ir nepamir\u0161tamo aromato karamel\u0117. Glotnios tekst\u016bros pagardas. Naudojame tik nat\u016bralius ingredientus, verdame ma\u017eais kiekiais. Ma\u017eo kaloringumo pagardas vertinantiems kokyb\u0119 ir i\u0161skirtinum\u0105.<\/p>","protected":false},"featured_media":16768,"comment_status":"open","ping_status":"closed","template":"","meta":[],"product_brand":[],"product_cat":[100],"product_tag":[165],"class_list":{"0":"post-16766","1":"product","2":"type-product","3":"status-publish","4":"has-post-thumbnail","6":"product_cat-karamele","7":"product_tag-karamele","9":"first","10":"instock","11":"taxable","12":"shipping-taxable","13":"purchasable","14":"product-type-simple"},"aioseo_notices":[],"jetpack_sharing_enabled":true,"_links":{"self":[{"href":"https:\/\/laroche.lt\/en\/wp-json\/wp\/v2\/product\/16766","targetHints":{"allow":["GET"]}}],"collection":[{"href":"https:\/\/laroche.lt\/en\/wp-json\/wp\/v2\/product"}],"about":[{"href":"https:\/\/laroche.lt\/en\/wp-json\/wp\/v2\/types\/product"}],"replies":[{"embeddable":true,"href":"https:\/\/laroche.lt\/en\/wp-json\/wp\/v2\/comments?post=16766"}],"wp:featuredmedia":[{"embeddable":true,"href":"https:\/\/laroche.lt\/en\/wp-json\/wp\/v2\/media\/16768"}],"wp:attachment":[{"href":"https:\/\/laroche.lt\/en\/wp-json\/wp\/v2\/media?parent=16766"}],"wp:term":[{"taxonomy":"product_brand","embeddable":true,"href":"https:\/\/laroche.lt\/en\/wp-json\/wp\/v2\/product_brand?post=16766"},{"taxonomy":"product_cat","embeddable":true,"href":"https:\/\/laroche.lt\/en\/wp-json\/wp\/v2\/product_cat?post=16766"},{"taxonomy":"product_tag","embeddable":true,"href":"https:\/\/laroche.lt\/en\/wp-json\/wp\/v2\/product_tag?post=16766"}],"curies":[{"name":"wp","href":"https:\/\/api.w.org\/{rel}","templated":true}]}}