{"id":17412,"date":"2025-01-25T13:29:29","date_gmt":"2025-01-25T10:29:29","guid":{"rendered":"https:\/\/laroche.lt\/?post_type=product&#038;p=17412"},"modified":"2025-12-15T15:50:11","modified_gmt":"2025-12-15T12:50:11","slug":"dubajaus-sokoladas-laroche","status":"publish","type":"product","link":"https:\/\/laroche.lt\/en\/product\/dubajaus-sokoladas-laroche\/","title":{"rendered":"Dubajaus \u0161okoladas LAROCH\u00c9"},"content":{"rendered":"<p><span style=\"color: #241c10; font-family: Cormorant, serif; font-size: 21px; font-weight: 600; text-transform: uppercase; letter-spacing: 0.01em;\">STORAGE CONDITIONS:<\/span><br \/>\n<span style=\"letter-spacing: 0.01em;\">Laikykite sausoje ir v\u0117sioje vietoje nuo +3 \u00b0C iki +21 \u00b0C temperat\u016broje.<\/span><\/p>\n<p><span style=\"color: #241c10; font-family: Cormorant, serif; font-size: 21px; font-weight: 600; text-transform: uppercase; letter-spacing: 0.01em;\">DECLARATION OF NUTRITION, 100 g:<\/span><br \/>\nEnergin\u0117 vert\u0117: ___<br \/>\nSud\u0117tyje kakavos saus\u0173j\u0173 med\u017eiag\u0173 ne ma\u017eiau kaip 35%, pieno saus\u0173j\u0173 med\u017eiag\u0173 ne ma\u017eiau kaip 19%.<\/p>\n<p><span style=\"color: #241c10; font-family: Cormorant, serif; font-size: 21px; font-weight: 600; text-transform: uppercase; letter-spacing: 0.01em;\">INGREDIENTS:<\/span><br \/>\n<span style=\"letter-spacing: 0.01em;\">kakavos mas\u0117, kataifi te\u0161la (kukur\u016bz\u0173 arba KVIE\u010cI\u0172 miltai, vanduo, KVIE\u010cI\u0172 krakmolas, saul\u0117gr\u0105\u017e\u0173 aliejus, konservantas: kalio sorbatas) cukrus, PIENO milteliai<\/span>, PISTACIJ\u0172 RIE\u0160UT\u0172 pasta (100% pistacij\u0173 branduoliai), kakavos sviestas, apelsin\u0173 \u017eievel\u0117s, j\u016bros druska, emulsiklis: SOJ\u0172 lecitinas.<\/p>\n<p><span style=\"color: #241c10; font-family: Cormorant, serif; font-size: 21px; font-weight: 600; text-transform: uppercase; letter-spacing: 0.01em;\">NET QUANTITY:<\/span><br \/>\n<span style=\"letter-spacing: 0.01em;\">210 g (\u00b1 10 g)<\/span><\/p>\n<p><span style=\"color: #241c10; font-family: Cormorant, serif; font-size: 21px; font-weight: 600; text-transform: uppercase; letter-spacing: 0.01em;\">PACKAGING:<\/span><br \/>\n<span style=\"letter-spacing: 0.01em;\">Plastikin\u0117 (PET) d\u0117\u017eut\u0117, Popierinis \u012fd\u0117klas (PAP).<\/span><\/p>\n<p><span style=\"color: #241c10; font-family: Cormorant, serif; font-size: 21px; font-weight: 600; text-transform: uppercase; letter-spacing: 0.01em;\">DELIVERY:<\/span><br \/>\n<span style=\"letter-spacing: 0.01em;\">We will pack them as best as we can and hopefully they will arrive to you as healthy as possible. We cannot send chocolates during the hot season, except on cool days.<\/span><\/p>","protected":false},"excerpt":{"rendered":"<p>Pasaul\u012f u\u017ekariav\u0119s populiarusis \u201eDubajaus\u201c \u0161okoladas. LAROCH\u00c9 \u0161okolado meistr\u0173 rank\u0173 darbo dubajieti\u0161ko \u0161okolado plytel\u0117 i\u0161lieta i\u0161 pieninio \u0161okolado su gausiu pistacij\u0173 rie\u0161ut\u0173 pastos ir skrudintos kadayif te\u0161los \u012fdaru! Papuo\u0161tas spalvotu kakavos sviestu &#8211; kiekviena plytel\u0117 unikali ir nepakartojama. Plonas \u0161okolado sluoknis ir itin gausus tra\u0161kaus \u012fdaro kiekis.<br \/>\nAuk\u0161\u010diausios kokyb\u0117s ir tik i\u0161 nat\u016brali\u0173 sudedam\u0173j\u0173 dali\u0173. Gaminamas ma\u017eais kiekias, kad visuomet b\u016bt\u0173 \u0161vie\u017eias. Klient\u0173 mylimas ir trok\u0161tamas dubai \u0161okoladas internetu. Pagamintas Lietuvoje, Kaune &#8211; <a href=\"\/en\/kontaktai\/\">LAROCH\u00c9 desert\u0173 k\u016br\u0117j\u0173 studijoje.<\/a><\/p>","protected":false},"featured_media":17413,"comment_status":"open","ping_status":"closed","template":"","meta":[],"product_brand":[],"product_cat":[79,66],"product_tag":[177],"class_list":{"0":"post-17412","1":"product","2":"type-product","3":"status-publish","4":"has-post-thumbnail","6":"product_cat-sokoladas","7":"product_cat-populiariausios","8":"product_tag-dubajaus-sokoladas","10":"first","11":"instock","12":"taxable","13":"shipping-taxable","14":"purchasable","15":"product-type-simple"},"aioseo_notices":[],"jetpack_sharing_enabled":true,"_links":{"self":[{"href":"https:\/\/laroche.lt\/en\/wp-json\/wp\/v2\/product\/17412","targetHints":{"allow":["GET"]}}],"collection":[{"href":"https:\/\/laroche.lt\/en\/wp-json\/wp\/v2\/product"}],"about":[{"href":"https:\/\/laroche.lt\/en\/wp-json\/wp\/v2\/types\/product"}],"replies":[{"embeddable":true,"href":"https:\/\/laroche.lt\/en\/wp-json\/wp\/v2\/comments?post=17412"}],"wp:featuredmedia":[{"embeddable":true,"href":"https:\/\/laroche.lt\/en\/wp-json\/wp\/v2\/media\/17413"}],"wp:attachment":[{"href":"https:\/\/laroche.lt\/en\/wp-json\/wp\/v2\/media?parent=17412"}],"wp:term":[{"taxonomy":"product_brand","embeddable":true,"href":"https:\/\/laroche.lt\/en\/wp-json\/wp\/v2\/product_brand?post=17412"},{"taxonomy":"product_cat","embeddable":true,"href":"https:\/\/laroche.lt\/en\/wp-json\/wp\/v2\/product_cat?post=17412"},{"taxonomy":"product_tag","embeddable":true,"href":"https:\/\/laroche.lt\/en\/wp-json\/wp\/v2\/product_tag?post=17412"}],"curies":[{"name":"wp","href":"https:\/\/api.w.org\/{rel}","templated":true}]}}