{"id":17886,"date":"2025-02-27T15:47:31","date_gmt":"2025-02-27T12:47:31","guid":{"rendered":"https:\/\/laroche.lt\/?post_type=product&#038;p=17886"},"modified":"2026-01-12T18:03:07","modified_gmt":"2026-01-12T15:03:07","slug":"kakavos-mase-laroche-raw-papua-naujoji-gvineja-200g","status":"publish","type":"product","link":"https:\/\/laroche.lt\/en\/product\/kakavos-mase-laroche-raw-papua-naujoji-gvineja-200g\/","title":{"rendered":"Kakavos mas\u0117 LAROCH\u00c9 RAW i\u0161 Papua Naujosios Gvin\u0117jos, 200g"},"content":{"rendered":"<h6>NAUDOJIMAS IR B\u016aDAI:<\/h6>\n<p>Gali b\u016bti vartojama kaip mitybos papildas, \u012fvairi\u0173 desert\u0173 gamyboje (\u012fskaitant vegani\u0161kus), gaminti \u0161okolad\u0105, ruo\u0161ti kar\u0161t\u0105 kakavos g\u0117rim\u0105, ruo\u0161ti kakavos kokteil\u012f, \u012fvairi\u0173 patiekal\u0173 praturtinimui, ceremoniniam kakavos g\u0117rimui.<\/p>\n<h6>CONDITIONS OF USE AND STORAGE:<\/h6>\n<p>Laikykite sausoje ir v\u0117sioje vietoje nuo +2 \u00b0C iki +22 \u00b0C temperat\u016broje, u\u017edaroje pakuot\u0117je.<\/p>\n<h6>DECLARATION OF NUTRITION, 100 g:<\/h6>\n<p>Energin\u0117 vert\u0117 532 kcal \/ 2226 kJ. Riebalai 53 g i\u0161 kuri\u0173 so\u010di\u0173j\u0173 riebal\u0173 r\u016bg\u0161\u010di\u0173 32 g; angliavandeniai 29 g i\u0161 kuri\u0173 cukr\u0173 2 g; baltymai 11 g; druska 0,1g; skaidulin\u0117s med\u017eiagos 15 g. Be prid\u0117tini\u0173 augalini\u0173 riebal\u0173.<\/p>\n<h6>INGREDIENTS:<\/h6>\n<p>100% kakavos pupeli\u0173 mas\u0117 i\u0161 Papua Naujosios Gvin\u0117jos.<\/p>\n<h6>NET QUANTITY:<\/h6>\n<p>200 g<\/p>\n<h6>PACKAGING:<\/h6>\n<p>Barjerinis plastikinis mai\u0161elis su alsuokliu ir daugkartiniu <em>zip<\/em> tipo u\u017edayrmu.<\/p>\n<h6>DELIVERY:<\/h6>\n<p>Nereikalingos specialios s\u0105lygos. Kar\u0161tuoju met\u0173 laiku gali b\u016bti atidedamas siuntimas, kad nei\u0161silydyt\u0173.<\/p>\n<p>&nbsp;<\/p>\n<p>The LAROCH\u00c9 RAW range is dedicated to the highest quality natural products - as nature gives them to us, with minimal human intervention. RAW products are for people who want to experience rich and natural flavours, who are looking for a healthier diet or who love to make patisserie. We select only the highest quality, pure raw materials.<\/p>","protected":false},"excerpt":{"rendered":"<p data-start=\"0\" data-end=\"59\">Kakava \u2013 nat\u016bralus energijos ir susikaupimo \u0161altinis! Ie\u0161kote b\u016bdo, kaip padidinti produktyvum\u0105 ir i\u0161laikyti \u017evalum\u0105 vis\u0105 dien\u0105? 100% nat\u016brali kakava yra tai, ko jums reikia!<\/p>\n<p data-start=\"185\" data-end=\"222\">Kod\u0117l verta rinktis \u0161i\u0105 kakav\u0105?<\/p>\n<ul data-start=\"223\" data-end=\"658\">\n<li data-start=\"223\" data-end=\"382\">Didesnis susikaupimas ir energija: kakavoje esantis magnis ir teobrominas suteikia ilgalaik\u012f energijos pli\u016bpsn\u012f bei padeda i\u0161likti susikoncentravusiam.<\/li>\n<li data-start=\"383\" data-end=\"518\">Atsipalaidavimas: nat\u016bralios kakavos savyb\u0117s padeda nurimti, jei praktikuojate &#8211; lengviau pasinerti \u012f gilesn\u0119 meditacijos b\u016bsen\u0105.<\/li>\n<li data-start=\"519\" data-end=\"658\">Universalus naudojimas: m\u0117gaukit\u0117s gard\u017eiu kar\u0161tos kakavos g\u0117rimu, praturtinkite kepinius arba pasidarykite savo \u0161okolad\u0105 (pla\u010diau puslapio apa\u010dioje).<\/li>\n<\/ul>\n<p data-start=\"660\" data-end=\"824\" data-is-last-node=\"\" data-is-only-node=\"\">Kakava \u2013 <em>super maistas<\/em> tiems, kurie renkasi nat\u016bralum\u0105 ir sveik\u0105 gyvenimo b\u016bd\u0105. Atraskite, kaip nat\u016brali energija gali pakeisti j\u016bs\u0173 dien\u0105!<\/p>\n<p>Pupeli\u0173 r\u016b\u0161is: Trinitario<\/p>\n<p>Skonio savyb\u0117s: tropini\u0173 vaisi\u0173, vanil\u0117s ir net medaus poskoniai, lazdyno rie\u0161ut\u0173 poskonis.<\/p>\n<p>Pagaminta i\u0161 nat\u016braliai fermantuot\u0173, saul\u0117je d\u017eiovint\u0173 ir v\u0117liau skurdint\u0173 pupeli\u0173, kurios buvo i\u0161imtos i\u0161 kakavos vaisi\u0173 augan\u010di\u0173 ant Trinitario r\u016b\u0161ies med\u017ei\u0173 0,5 km auk\u0161yje, tolimojoje Papaua Naujosios Gvin\u0117jos saloje, Morob\u0117s provincijoje. Kakavos med\u017eiai auga su kitomis augal\u0173 kult\u016bromis, tokiomis kaip bananai, mangai, avokadai, citrusai, agava ir kiti, i\u0161laikant bio\u012fvairov\u0119 bei suteikiant specifini\u0173 skonio nat\u0173. Auginama eti\u0161kai, ma\u017euose \u016bkiuose, remiamuose vyriausyb\u0117s. Tinka kakavos ceremonijoms.<\/p>\n<p>&nbsp;<\/p>\n<p>&nbsp;<\/p>","protected":false},"featured_media":12387,"comment_status":"closed","ping_status":"closed","template":"","meta":[],"product_brand":[],"product_cat":[101,66],"product_tag":[],"class_list":{"0":"post-17886","1":"product","2":"type-product","3":"status-publish","4":"has-post-thumbnail","6":"product_cat-raw","7":"product_cat-populiariausios","9":"first","10":"instock","11":"taxable","12":"shipping-taxable","13":"purchasable","14":"product-type-simple"},"aioseo_notices":[],"jetpack_sharing_enabled":true,"_links":{"self":[{"href":"https:\/\/laroche.lt\/en\/wp-json\/wp\/v2\/product\/17886","targetHints":{"allow":["GET"]}}],"collection":[{"href":"https:\/\/laroche.lt\/en\/wp-json\/wp\/v2\/product"}],"about":[{"href":"https:\/\/laroche.lt\/en\/wp-json\/wp\/v2\/types\/product"}],"replies":[{"embeddable":true,"href":"https:\/\/laroche.lt\/en\/wp-json\/wp\/v2\/comments?post=17886"}],"wp:featuredmedia":[{"embeddable":true,"href":"https:\/\/laroche.lt\/en\/wp-json\/wp\/v2\/media\/12387"}],"wp:attachment":[{"href":"https:\/\/laroche.lt\/en\/wp-json\/wp\/v2\/media?parent=17886"}],"wp:term":[{"taxonomy":"product_brand","embeddable":true,"href":"https:\/\/laroche.lt\/en\/wp-json\/wp\/v2\/product_brand?post=17886"},{"taxonomy":"product_cat","embeddable":true,"href":"https:\/\/laroche.lt\/en\/wp-json\/wp\/v2\/product_cat?post=17886"},{"taxonomy":"product_tag","embeddable":true,"href":"https:\/\/laroche.lt\/en\/wp-json\/wp\/v2\/product_tag?post=17886"}],"curies":[{"name":"wp","href":"https:\/\/api.w.org\/{rel}","templated":true}]}}