{"id":18027,"date":"2025-03-20T13:53:09","date_gmt":"2025-03-20T10:53:09","guid":{"rendered":"https:\/\/laroche.lt\/?post_type=product&#038;p=18027"},"modified":"2026-01-15T15:29:04","modified_gmt":"2026-01-15T12:29:04","slug":"tasmsusis-sokoladas-laroche-vinatge-70-peru","status":"publish","type":"product","link":"https:\/\/laroche.lt\/en\/product\/tasmsusis-sokoladas-laroche-vinatge-70-peru\/","title":{"rendered":"Juodasis \u0161okoladas Laroche Vinatge 70% Peru, 50 g"},"content":{"rendered":"<p><span style=\"color: #241c10; font-family: Cormorant, serif; font-size: 21px; font-weight: 600; text-transform: uppercase; letter-spacing: 0.01em;\">STORAGE CONDITIONS:<\/span><\/p>\n<p><span style=\"letter-spacing: 0.01em;\">Store in a cool, dry place between +12 \u00b0C and +21 \u00b0C.<\/span><\/p>\n<p><span style=\"color: #241c10; font-family: Cormorant, serif; font-size: 21px; font-weight: 600; text-transform: uppercase; letter-spacing: 0.01em;\">DECLARATION OF NUTRITION, 100 g:<\/span><\/p>\n<p>Energin\u0117 vert\u0117 579 kcal \/ 2401 kJ, riebalai 42g i\u0161 kuri\u0173 so\u010di\u0173j\u0173 riebal\u0173 r\u016bg\u0161\u010di\u0173 26g, angliavandeniai 36g i\u0161 kuri\u0173 cukr\u0173 30g, baltymai 7g, skaidulin\u0117s med\u017eiagos: 12g. Be GMO, prid\u0117tini\u0173 augalini\u0173 riebal\u0173, da\u017eikli\u0173 ir skonio stiprikli\u0173. Ma\u017eiausias kiet\u0173j\u0173 kakavos pupeli\u0173 kiekis 70%<\/p>\n<p><span style=\"color: #241c10; font-family: Cormorant, serif; font-size: 21px; font-weight: 600; text-transform: uppercase; letter-spacing: 0.01em;\">INGREDIENTS:<\/span><\/p>\n<p><span style=\"letter-spacing: 0.01em;\">Kakavos mas\u0117, cukrus, kakavos sviestas, emulsiklis: SOJ\u0172 lecitininas. Be prid\u0117tini\u0173 augalini\u0173 riebal\u0173.<\/span><\/p>\n<p><span style=\"color: #241c10; font-family: Cormorant, serif; font-size: 21px; font-weight: 600; text-transform: uppercase; letter-spacing: 0.01em;\">NET QUANTITY:<\/span><\/p>\n<p><span style=\"letter-spacing: 0.01em;\">50 g (\u00b1 5 g)<\/span><\/p>\n<p><span style=\"color: #241c10; font-family: Cormorant, serif; font-size: 21px; font-weight: 600; text-transform: uppercase; letter-spacing: 0.01em;\">PACKAGING:<\/span><\/p>\n<p><span style=\"letter-spacing: 0.01em;\">Aliumin\u0117 folija, popierius.<\/span><\/p>\n<p><span style=\"color: #241c10; font-family: Cormorant, serif; font-size: 21px; font-weight: 600; text-transform: uppercase; letter-spacing: 0.01em;\">DELIVERY:<\/span><\/p>\n<p><span style=\"letter-spacing: 0.01em;\">We will pack them as best as we can and hopefully they will arrive to you as healthy as possible. We cannot send chocolates during the hot season, except on cool days.<\/span><\/p>","protected":false},"excerpt":{"rendered":"<p>LAROCH\u00c9 klasikinis &#8211; vinta\u017einis \u0161okoladas sugr\u012f\u017eta! Limituoto leidimo.<\/p>\n<p>Gryno juodojo \u0161okolado gerb\u0117jams. Amatinink\u0173 rank\u0173 darbo, ,a\u017e\u0173 kieki\u0173 gamyba.<\/p>\n<p>Kakava \u0161iam \u0161okoladui u\u017eauginta derlinguose sl\u0117niuose nuo \u0161iaurini\u0173 Peru region\u0173 iki Amazon\u0117s d\u017eiungli\u0173 And\u0173 pap\u0117d\u0117je. Maj\u0173 ir Actek\u0173 civilizacijos kakavos med\u017ei\u0173 vaisius naudojo jau prie\u0161 1600 met\u0173 ir vadino \u201cDiev\u0173 maistu\u201d. \u0160i moderni\u0173 laik\u0173 \u0161okolado plytel\u0117 pasi\u017eymi turtingu kakavos skoniu, turi ne\u017eymaus r\u016bg\u0161tumo ir neperd\u0117to saldumo i\u0161 cukranendri\u0173. Tvirtos tekst\u016bros, ta\u010diau \u0161velniai tirpstantis burnoje.<\/p>\n<p>&nbsp;<\/p>","protected":false},"featured_media":12126,"comment_status":"open","ping_status":"closed","template":"","meta":[],"product_brand":[],"product_cat":[79],"product_tag":[],"class_list":{"0":"post-18027","1":"product","2":"type-product","3":"status-publish","4":"has-post-thumbnail","6":"product_cat-sokoladas","8":"first","9":"instock","10":"taxable","11":"shipping-taxable","12":"purchasable","13":"product-type-simple"},"aioseo_notices":[],"jetpack_sharing_enabled":true,"_links":{"self":[{"href":"https:\/\/laroche.lt\/en\/wp-json\/wp\/v2\/product\/18027","targetHints":{"allow":["GET"]}}],"collection":[{"href":"https:\/\/laroche.lt\/en\/wp-json\/wp\/v2\/product"}],"about":[{"href":"https:\/\/laroche.lt\/en\/wp-json\/wp\/v2\/types\/product"}],"replies":[{"embeddable":true,"href":"https:\/\/laroche.lt\/en\/wp-json\/wp\/v2\/comments?post=18027"}],"wp:featuredmedia":[{"embeddable":true,"href":"https:\/\/laroche.lt\/en\/wp-json\/wp\/v2\/media\/12126"}],"wp:attachment":[{"href":"https:\/\/laroche.lt\/en\/wp-json\/wp\/v2\/media?parent=18027"}],"wp:term":[{"taxonomy":"product_brand","embeddable":true,"href":"https:\/\/laroche.lt\/en\/wp-json\/wp\/v2\/product_brand?post=18027"},{"taxonomy":"product_cat","embeddable":true,"href":"https:\/\/laroche.lt\/en\/wp-json\/wp\/v2\/product_cat?post=18027"},{"taxonomy":"product_tag","embeddable":true,"href":"https:\/\/laroche.lt\/en\/wp-json\/wp\/v2\/product_tag?post=18027"}],"curies":[{"name":"wp","href":"https:\/\/api.w.org\/{rel}","templated":true}]}}