{"id":18358,"date":"2025-04-22T16:37:00","date_gmt":"2025-04-22T13:37:00","guid":{"rendered":"https:\/\/laroche.lt\/?post_type=product&#038;p=18358"},"modified":"2025-12-06T12:09:01","modified_gmt":"2025-12-06T09:09:01","slug":"dovanu-maiselis","status":"publish","type":"product","link":"https:\/\/laroche.lt\/en\/product\/dovanu-maiselis\/","title":{"rendered":"Dovan\u0173 mai\u0161elis"},"content":{"rendered":"","protected":false},"excerpt":{"rendered":"<p>Popierins dovan\u0173 mai\u0161elis su Laroche logotipu<\/p>\n<p>Pagamintas i\u0161 balto tekst\u016brinio popieriaus. Su satinin\u0117mis ranken\u0117l\u0117mis.<br \/>\nI\u0161matavimai: S &#8211; 16 x 16 x 15 cm; M &#8211; 22 x 22 x 20 cm; L &#8211; 30 x 30 x 20 cm<\/p>","protected":false},"featured_media":18367,"comment_status":"closed","ping_status":"closed","template":"","meta":[],"product_brand":[],"product_cat":[15],"product_tag":[],"class_list":{"0":"post-18358","1":"product","2":"type-product","3":"status-publish","4":"has-post-thumbnail","6":"product_cat-be-kategorijos","7":"new","9":"first","10":"instock","11":"taxable","12":"shipping-taxable","13":"purchasable","14":"product-type-variable"},"aioseo_notices":[],"jetpack_sharing_enabled":true,"_links":{"self":[{"href":"https:\/\/laroche.lt\/en\/wp-json\/wp\/v2\/product\/18358","targetHints":{"allow":["GET"]}}],"collection":[{"href":"https:\/\/laroche.lt\/en\/wp-json\/wp\/v2\/product"}],"about":[{"href":"https:\/\/laroche.lt\/en\/wp-json\/wp\/v2\/types\/product"}],"replies":[{"embeddable":true,"href":"https:\/\/laroche.lt\/en\/wp-json\/wp\/v2\/comments?post=18358"}],"wp:featuredmedia":[{"embeddable":true,"href":"https:\/\/laroche.lt\/en\/wp-json\/wp\/v2\/media\/18367"}],"wp:attachment":[{"href":"https:\/\/laroche.lt\/en\/wp-json\/wp\/v2\/media?parent=18358"}],"wp:term":[{"taxonomy":"product_brand","embeddable":true,"href":"https:\/\/laroche.lt\/en\/wp-json\/wp\/v2\/product_brand?post=18358"},{"taxonomy":"product_cat","embeddable":true,"href":"https:\/\/laroche.lt\/en\/wp-json\/wp\/v2\/product_cat?post=18358"},{"taxonomy":"product_tag","embeddable":true,"href":"https:\/\/laroche.lt\/en\/wp-json\/wp\/v2\/product_tag?post=18358"}],"curies":[{"name":"wp","href":"https:\/\/api.w.org\/{rel}","templated":true}]}}