{"id":19159,"date":"2025-12-05T11:17:14","date_gmt":"2025-12-05T08:17:14","guid":{"rendered":"https:\/\/laroche.lt\/?post_type=product&#038;p=19159"},"modified":"2025-12-15T15:14:04","modified_gmt":"2025-12-15T12:14:04","slug":"airiskos-grietineles-karamele-laroche","status":"publish","type":"product","link":"https:\/\/laroche.lt\/en\/product\/airiskos-grietineles-karamele-laroche\/","title":{"rendered":"Airi\u0161kos grietin\u0117l\u0117s karamel\u0117 Laroch\u00e9"},"content":{"rendered":"<h6 class=\"wp-block-heading\">CONDITIONS OF USE AND STORAGE:<\/h6>\r\n\r\n\r\n\r\n<p>Laikykite ir vartokite kambario temperat\u016broje (18-20\u2019C ). Atidarius ir nesuvartojus i\u0161 karto, rekomenduojame u\u017edaryt\u0105 indel\u012f laikyti \u0161aldytuve. Nerekomenduojame vaikams, n\u0117\u0161\u010dioms <br \/>ir \u017eindan\u010dioms moterims.\u00a0<\/p>\r\n\r\n\r\n\r\n<figure class=\"wp-block-image\"><img data-recalc-dims=\"1\" decoding=\"async\" src=\"https:\/\/i0.wp.com\/swissdelight.qodeinteractive.com\/wp-content\/uploads\/2021\/02\/shop-item-showcase-img2.png?w=1300&#038;ssl=1\" alt=\"s\" \/><\/figure>\r\n\r\n\r\n\r\n<p>&nbsp;<\/p>\r\n\r\n\r\n\r\n<h6 class=\"wp-block-heading\">DECLARATION OF NUTRITION, 100 g:<\/h6>\r\n\r\n\r\n\r\n<p>Energin\u0117 vert\u0117: 372 kcal \/ 1555 kJ. Riebalai 19,30 g, i\u0161 kuri\u0173 so\u010di\u0173j\u0173 riebal\u0173 r\u016bg\u0161\u010di\u0173 12,50 g; angliavandeniai 40,10 g, i\u0161 kuri\u0173 cukr\u0173 33,00 g; baltymai 1 g; druska &lt;1 g.<\/p>\r\n\r\n\r\n\r\n<h6 class=\"wp-block-heading\">INGREDIENTS:<\/h6>\r\n\r\n\r\n\r\n<p>Grietin\u0117l\u0117 (karvi\u0173 PIENO), cukrus, airi\u0161kas grietin\u0117l\u0117s likeris (alkoholio likutis &lt;1,2 %), gliukoz\u0117s sirupas, sviestas (karvi\u0173 PIENO), vanduo, j\u016bros druska. Be prid\u0117tini\u0173 augalini\u0173 riebal\u0173, be da\u017eikli\u0173. Alkoholio likutis iki 1,2 %.<\/p>\r\n\r\n\r\n\r\n<h6 class=\"wp-block-heading\">Net quantity:<\/h6>\r\n\r\n\r\n\r\n<p>210 g (\u00b110 g)<\/p>\r\n\r\n\r\n\r\n<h6 class=\"wp-block-heading\">PACKAGING:<\/h6>\r\n\r\n\r\n\r\n<p>Glass jar with metal lid<\/p>","protected":false},"excerpt":{"rendered":"<p>RANK\u0172 DARBO AIRI\u0160KOS GRIETIN\u0116L\u0116S KARAMEL\u0116 LAROCH\u00c9<\/p>\n<p>Naujiena i\u0161 LAROCH\u00c9! Karameli\u0173 kolekcij\u0105 papild\u0117me dar vienu unikaliu gaminiu &#8211; &#8222;Airish Cream&#8221; karamele. I\u0161skirtinio skonio, nuostabaus aromato ir glotnios tekst\u016bros karamel\u0117 i\u0161 nat\u016bralios grietin\u0117l\u0117s, praturtinta airi\u0161ku kreminiu likeriu. U\u017eburiantis pagardas J\u016bs\u0173 namams. Pavojingai skanus&#8230;<\/p>","protected":false},"featured_media":19160,"comment_status":"open","ping_status":"closed","template":"","meta":[],"product_brand":[],"product_cat":[100],"product_tag":[165],"class_list":{"0":"post-19159","1":"product","2":"type-product","3":"status-publish","4":"has-post-thumbnail","6":"product_cat-karamele","7":"product_tag-karamele","8":"new","10":"first","11":"instock","12":"taxable","13":"shipping-taxable","14":"purchasable","15":"product-type-simple"},"aioseo_notices":[],"jetpack_sharing_enabled":true,"_links":{"self":[{"href":"https:\/\/laroche.lt\/en\/wp-json\/wp\/v2\/product\/19159","targetHints":{"allow":["GET"]}}],"collection":[{"href":"https:\/\/laroche.lt\/en\/wp-json\/wp\/v2\/product"}],"about":[{"href":"https:\/\/laroche.lt\/en\/wp-json\/wp\/v2\/types\/product"}],"replies":[{"embeddable":true,"href":"https:\/\/laroche.lt\/en\/wp-json\/wp\/v2\/comments?post=19159"}],"wp:featuredmedia":[{"embeddable":true,"href":"https:\/\/laroche.lt\/en\/wp-json\/wp\/v2\/media\/19160"}],"wp:attachment":[{"href":"https:\/\/laroche.lt\/en\/wp-json\/wp\/v2\/media?parent=19159"}],"wp:term":[{"taxonomy":"product_brand","embeddable":true,"href":"https:\/\/laroche.lt\/en\/wp-json\/wp\/v2\/product_brand?post=19159"},{"taxonomy":"product_cat","embeddable":true,"href":"https:\/\/laroche.lt\/en\/wp-json\/wp\/v2\/product_cat?post=19159"},{"taxonomy":"product_tag","embeddable":true,"href":"https:\/\/laroche.lt\/en\/wp-json\/wp\/v2\/product_tag?post=19159"}],"curies":[{"name":"wp","href":"https:\/\/api.w.org\/{rel}","templated":true}]}}