{"id":19164,"date":"2025-12-05T11:57:24","date_gmt":"2025-12-05T08:57:24","guid":{"rendered":"https:\/\/laroche.lt\/?post_type=product&#038;p=19164"},"modified":"2026-01-12T18:06:29","modified_gmt":"2026-01-12T15:06:29","slug":"zenkliukas-sokolado-myletojams-laroche","status":"publish","type":"product","link":"https:\/\/laroche.lt\/en\/product\/zenkliukas-sokolado-myletojams-laroche\/","title":{"rendered":"\u017denkliukas \u0161okolado myl\u0117tojams Laroche"},"content":{"rendered":"<p>\u017denkliuko med\u017eiagos: metalas, emal\u0117.<br \/>\n\u012epakavimas: kartonin\u0117 kortel\u0117<\/p>\n<p>\u0160okoladas \u2013 tai ne paprastas skanumynas, o ma\u017eas stebuklas, kuris pasir\u016bpina specialiomis jungtimis m\u016bs\u0173 smegenyse &#8211; suteikia tyrus jausmus ir gryn\u0105 malonum\u0105.<br \/>\nU\u017e viso to slypi teobrominas \u2013 nat\u016bralus kakavos junginys, kuris subtiliai pa\u017eadina m\u016bs\u0173 k\u016bn\u0105, bet neperkrauna kaip kofeinas, nepalieka varginan\u010di\u0173 jausm\u0173 v\u0117liau. \u0160is molekulinis stebuklas pakelia nuotaik\u0105, atpalaiduoja raumenis ir suteikia t\u0105 \u0161veln\u0173 geros savijautos jausm\u0105, kurio taip da\u017enai ie\u0161kome. Tod\u0117l kaskart paragavus kokybi\u0161ko \u0161okolado, smegenys tarsi gauna ma\u017eyt\u012f laim\u0117s impuls\u0105, kuriuo galime m\u0117gautis ir m\u0117gautis. Teobrominas ramiai ir eleganti\u0161kai veikia nerv\u0173 sistem\u0105, tod\u0117l \u0161okolado gardumas tampa ne tik skoniu, bet ir emocija. B\u016btent d\u0117l \u0161io tandemo \u2013 sodraus kakavos aromato ir teobromino<br \/>\npoveikio \u2013 \u017emon\u0117s \u0161okolad\u0105 myli jau t\u016bkstan\u010dius met\u0173. Kai \u0161okoladas tirpsta burnoje, k\u016bnas i\u0161skiria endorfinus \u2013 laim\u0117s hormonus, kurie akimirksniu pagerina m\u016bs\u0173 nuotaik\u0105 ir praskaidrina dien\u0105. Tuo tarpu teobrominas tyliai prisideda prie ai\u0161kesnio m\u0105stymo ir \u0161velnaus energijos padid\u0117jimo. \u0160okoladas \u2013 nat\u016bralus b\u016bdas sustiprinti emocin\u012f tonus\u0105 ir gauti \u012fkv\u0117pimo k\u016brybai,<br \/>\nmylimai veiklai ar nuostabiai akimirkai.<\/p>","protected":false},"excerpt":{"rendered":"<p>\u0160okoladas \u2013 tai ne paprastas skanumynas, o ma\u017eas stebuklas, kuris pasir\u016bpina specialiomis jungtimis m\u016bs\u0173 smegenyse &#8211; suteikia tyrus jausmus ir gryn\u0105 malonum\u0105.<\/p>\n<p>Klasikinis papuo\u0161alas &#8211; emalin\u0117 sag\u0117 su cheminiu elementu teobrominas ir u\u017era\u0161u &#8222;CHOCOLATE&#8221;. \u017denkliukas skirtas \u0161okolado myl\u0117tojams. Pasipuo\u0161kite r\u016bb\u0105, kepur\u0119 ar ta\u0161\u0119. Tegul visi \u017eino apie J\u016bs\u0173 meil\u0119 \u0161okoladui. Kitoje kortel\u0117s pus\u0117je trumpa informacija apie \u0161okolad\u0105, teobromin\u0105 ir poveik\u012f m\u016bs\u0173 oranizmui bei sielai.<\/p>","protected":false},"featured_media":19165,"comment_status":"open","ping_status":"closed","template":"","meta":[],"product_brand":[],"product_cat":[79],"product_tag":[],"class_list":{"0":"post-19164","1":"product","2":"type-product","3":"status-publish","4":"has-post-thumbnail","6":"product_cat-sokoladas","7":"new","9":"first","10":"instock","11":"taxable","12":"shipping-taxable","13":"purchasable","14":"product-type-simple"},"aioseo_notices":[],"jetpack_sharing_enabled":true,"_links":{"self":[{"href":"https:\/\/laroche.lt\/en\/wp-json\/wp\/v2\/product\/19164","targetHints":{"allow":["GET"]}}],"collection":[{"href":"https:\/\/laroche.lt\/en\/wp-json\/wp\/v2\/product"}],"about":[{"href":"https:\/\/laroche.lt\/en\/wp-json\/wp\/v2\/types\/product"}],"replies":[{"embeddable":true,"href":"https:\/\/laroche.lt\/en\/wp-json\/wp\/v2\/comments?post=19164"}],"wp:featuredmedia":[{"embeddable":true,"href":"https:\/\/laroche.lt\/en\/wp-json\/wp\/v2\/media\/19165"}],"wp:attachment":[{"href":"https:\/\/laroche.lt\/en\/wp-json\/wp\/v2\/media?parent=19164"}],"wp:term":[{"taxonomy":"product_brand","embeddable":true,"href":"https:\/\/laroche.lt\/en\/wp-json\/wp\/v2\/product_brand?post=19164"},{"taxonomy":"product_cat","embeddable":true,"href":"https:\/\/laroche.lt\/en\/wp-json\/wp\/v2\/product_cat?post=19164"},{"taxonomy":"product_tag","embeddable":true,"href":"https:\/\/laroche.lt\/en\/wp-json\/wp\/v2\/product_tag?post=19164"}],"curies":[{"name":"wp","href":"https:\/\/api.w.org\/{rel}","templated":true}]}}