{"id":19397,"date":"2025-12-16T23:41:57","date_gmt":"2025-12-16T20:41:57","guid":{"rendered":"https:\/\/laroche.lt\/produktas\/guminukai-laroche-meskiukai-18-vnt\/"},"modified":"2026-03-27T15:11:29","modified_gmt":"2026-03-27T12:11:29","slug":"guminukai-laroche-meskiukai-18-vnt","status":"publish","type":"product","link":"https:\/\/laroche.lt\/en\/product\/guminukai-laroche-meskiukai-18-vnt\/","title":{"rendered":"Laroch\u00e9 gummy bears, 18 pcs"},"content":{"rendered":"<h6>CONDITIONS OF USE AND STORAGE:<\/h6>\n<p>Store at room temperature (3-30\u00b0C). Best consumed within ~ 3 months from the date of manufacture.<\/p>\n<h6>DECLARATION OF NUTRITION, 100 g:<\/h6>\n<p>Energy value: 1036 kJ \/ 247 kcal. Fat: 0.0 g, of which saturated fatty acids: 0.0 g; carbohydrates: 58.9 g, of which sugars: 43.7 g; protein: 3.7 g; salt: 0.00 g (&lt;0.01 g).<\/p>\n<h6>INGREDIENTS:<\/h6>\n<p>sugar, glucose syrup, water, fruit puree (passion fruit, blackcurrant, cranberry, pineapple, strawberry, apple, yuzu), gelatin, citric acid, dextrose, powdered sugar, tapioca starch, malic acid, food coloring (E102, E129). E102 and E129 may have an adverse effect on children's activity and attention.<br \/>\nAllergens: none, except for possible allergens in berries.<\/p>\n<h6>NET QUANTITY:<\/h6>\n<p>D\u0117\u017eut\u0117je 18 vnt, 250 g (+\/- 25 g)<\/p>\n<h6>PACKAGING:<\/h6>\n<p>Cardboard box with a transparent plastic lid, tied with an asatin ribbon. Box dimensions: 200 x 200 x 25 mm.<\/p>\n<h6>DELIVERY:<\/h6>\n<p>We will pack the product as best we can and hope that it will reach you in perfect condition. We cannot send rubber boots during the hot season, except on cool days.<\/p>\n<p>&nbsp;<\/p>","protected":false},"excerpt":{"rendered":"<p>NATURAL COMPOSITION GUMMY BEARS LAROCH\u00c9<\/p>\n<p>\u017daisming\u0173 guminuk\u0173 me\u0161kiuk\u0173 rinkinys. Sodri\u0173 ir i\u0161rai\u0161king\u0173 skoni\u0173. J\u016bs\u0173 pam\u0117gt\u0173 vaisi\u0173 ir uog\u0173 tyr\u0117s guminuk\u0173 pavidale. Leiskite skoniui tirpti J\u016bs\u0173 gomuryje&#8230; Rinkin\u012f sudaro \u0161ie 6 skirtingi skoniai:<br \/>\n\u2022 passion fruit<br \/>\n\u2022 black currant<br \/>\n\u2022 cranberries<br \/>\n\u2022 pineapple<br \/>\n\u2022 forest-strawberies<br \/>\n\u2022 obuoli\u0173 &#8211;\u00a0yuzu (kvapiojo mandarino).<\/p>","protected":false},"featured_media":19396,"comment_status":"open","ping_status":"closed","template":"","meta":[],"product_brand":[],"product_cat":[88],"product_tag":[],"class_list":{"0":"post-19397","1":"product","2":"type-product","3":"status-publish","4":"has-post-thumbnail","6":"product_cat-saldainiai","8":"first","9":"instock","10":"taxable","11":"shipping-taxable","12":"purchasable","13":"product-type-simple"},"aioseo_notices":[],"jetpack_sharing_enabled":true,"_links":{"self":[{"href":"https:\/\/laroche.lt\/en\/wp-json\/wp\/v2\/product\/19397","targetHints":{"allow":["GET"]}}],"collection":[{"href":"https:\/\/laroche.lt\/en\/wp-json\/wp\/v2\/product"}],"about":[{"href":"https:\/\/laroche.lt\/en\/wp-json\/wp\/v2\/types\/product"}],"replies":[{"embeddable":true,"href":"https:\/\/laroche.lt\/en\/wp-json\/wp\/v2\/comments?post=19397"}],"wp:featuredmedia":[{"embeddable":true,"href":"https:\/\/laroche.lt\/en\/wp-json\/wp\/v2\/media\/19396"}],"wp:attachment":[{"href":"https:\/\/laroche.lt\/en\/wp-json\/wp\/v2\/media?parent=19397"}],"wp:term":[{"taxonomy":"product_brand","embeddable":true,"href":"https:\/\/laroche.lt\/en\/wp-json\/wp\/v2\/product_brand?post=19397"},{"taxonomy":"product_cat","embeddable":true,"href":"https:\/\/laroche.lt\/en\/wp-json\/wp\/v2\/product_cat?post=19397"},{"taxonomy":"product_tag","embeddable":true,"href":"https:\/\/laroche.lt\/en\/wp-json\/wp\/v2\/product_tag?post=19397"}],"curies":[{"name":"wp","href":"https:\/\/api.w.org\/{rel}","templated":true}]}}