{"id":19514,"date":"2026-01-14T10:53:27","date_gmt":"2026-01-14T07:53:27","guid":{"rendered":"https:\/\/laroche.lt\/?post_type=product&#038;p=19514"},"modified":"2026-01-14T10:56:08","modified_gmt":"2026-01-14T07:56:08","slug":"ruby-sokoladas-su-pistacijomis-ir-uogomis-laroche-n-4-60g","status":"publish","type":"product","link":"https:\/\/laroche.lt\/en\/product\/ruby-sokoladas-su-pistacijomis-ir-uogomis-laroche-n-4-60g\/","title":{"rendered":"Ruby \u0161okoladas su pistacijomis ir uogomis LAROCH\u00c9 N\u00b0 4, 60 g"},"content":{"rendered":"<p>LAROCH\u00c9 handmade chocolates made with love. Our philosophy: every morsel counts! We are a small family-run artisan business based in Kaunas. We are creative souls, looking for new flavours and our own limits. We deeply believe that quality is the most important ingredient. We pay a lot of attention to detail when casting and decorating chocolate. The appearance of newborn chocolate is unique - with authentic shapes and markings - just like all of us humans.<\/p>\n<h6>STORAGE CONDITIONS:<\/h6>\n<p>Store in a cool, dry place between +12 \u00b0C and +21 \u00b0C.<\/p>\n<h6>DECLARATION OF NUTRITION, 100 g:<\/h6>\n<p>Energy: 486 kcal \/ 2340 kJ. Fat 36 g of which saturates 19 g; carbohydrate 46 g of which sugars 43 g; protein 10,5 g; salt 0,28 g; fibre 2 g. Contains cocoa solids not less than 47 % and milk solids not less than 26 %.<\/p>\n<h6>INGREDIENTS:<\/h6>\n<p>Pink chocolate (sugar, cocoa butter, skimmed MILK powder, MILK powder, cocoa mass, emulsifier: soya lecithin (&lt;1%), citric acid, vanilla extract); pistachio NUTS (10%); Spanish sage (chia) seeds (1.6%); freeze-dried blackcurrants (1.5%); freeze-dried raspberries (1%). No added vegetable fats.<\/p>\n<h6>NET QUANTITY:<\/h6>\n<p>60 g (\u00b1 5 g)<\/p>\n<h6>PACKAGING:<\/h6>\n<p>Carton, environmental protection bag.<\/p>\n<h6>DELIVERY:<\/h6>\n<p>We will pack them as best as we can and hopefully they will arrive to you as healthy as possible. We cannot send chocolates during the hot season, except on cool days.<\/p>\n<p>&nbsp;<\/p>","protected":false},"excerpt":{"rendered":"<p><strong>RIBOTO LEIDIMO! Plonesn\u0117s ir tra\u0161kesn\u0117s 60 g plytel\u0117s.<\/strong><\/p>\n<p>HANDMADE RUBY CHOCOLATE WITH PISTACHIOS, FREEZE-DRIED RASPBERRIES AND CURRANTS, CHIA SEEDS. LAROCH\u00c9 Recipe N\u00b0 4<\/p>\n<p>The fourth type of chocolate is Ruby. A chocolate bar with an exceptional taste and a natural pink colour. Intense fruity freshness, acidity and sweetness all in one. The unique taste of Ruby is complemented by natural raspberries and blackcurrants from Lithuanian farms. Premium pistachios on the top and inside the chocolate are a must for this chocolate. The crunchy and unexpected flavour is added by the beneficial chia seeds.<\/p>\n<p><a href=\"\/en\/laroche-sokoladas-3-vieta-baltijos-salyse\/\" target=\"_blank\" rel=\"noopener noreferrer\">NAPA2 019 Bronze Award<\/a> of package design<\/p>","protected":false},"featured_media":12084,"comment_status":"open","ping_status":"closed","template":"","meta":[],"product_brand":[],"product_cat":[79,66],"product_tag":[],"class_list":{"0":"post-19514","1":"product","2":"type-product","3":"status-publish","4":"has-post-thumbnail","6":"product_cat-sokoladas","7":"product_cat-populiariausios","9":"first","10":"instock","11":"taxable","12":"shipping-taxable","13":"purchasable","14":"product-type-simple"},"aioseo_notices":[],"jetpack_sharing_enabled":true,"_links":{"self":[{"href":"https:\/\/laroche.lt\/en\/wp-json\/wp\/v2\/product\/19514","targetHints":{"allow":["GET"]}}],"collection":[{"href":"https:\/\/laroche.lt\/en\/wp-json\/wp\/v2\/product"}],"about":[{"href":"https:\/\/laroche.lt\/en\/wp-json\/wp\/v2\/types\/product"}],"replies":[{"embeddable":true,"href":"https:\/\/laroche.lt\/en\/wp-json\/wp\/v2\/comments?post=19514"}],"wp:featuredmedia":[{"embeddable":true,"href":"https:\/\/laroche.lt\/en\/wp-json\/wp\/v2\/media\/12084"}],"wp:attachment":[{"href":"https:\/\/laroche.lt\/en\/wp-json\/wp\/v2\/media?parent=19514"}],"wp:term":[{"taxonomy":"product_brand","embeddable":true,"href":"https:\/\/laroche.lt\/en\/wp-json\/wp\/v2\/product_brand?post=19514"},{"taxonomy":"product_cat","embeddable":true,"href":"https:\/\/laroche.lt\/en\/wp-json\/wp\/v2\/product_cat?post=19514"},{"taxonomy":"product_tag","embeddable":true,"href":"https:\/\/laroche.lt\/en\/wp-json\/wp\/v2\/product_tag?post=19514"}],"curies":[{"name":"wp","href":"https:\/\/api.w.org\/{rel}","templated":true}]}}