{"id":19649,"date":"2026-02-04T17:34:20","date_gmt":"2026-02-04T14:34:20","guid":{"rendered":"https:\/\/laroche.lt\/?post_type=product&#038;p=19649"},"modified":"2026-03-23T22:42:33","modified_gmt":"2026-03-23T19:42:33","slug":"degustacinis-laroche-vestuviniu-tortu-rinkinys","status":"publish","type":"product","link":"https:\/\/laroche.lt\/en\/product\/degustacinis-laroche-vestuviniu-tortu-rinkinys\/","title":{"rendered":"Laroche wedding cake tasting set"},"content":{"rendered":"<p>Net weight of cake set ~ 950 g (+\/- 50 g), 8 pieces.<br \/>\nNet weight of macarons ~ 140 g (4 pcs) or ~ 245 g (7 pcs).<br \/>\n100% ekolog\u0161ika pakuot\u0117: juoda kartonin\u0117 d\u0117\u017eut\u0117, kartotininis pad\u0117kliukas, sviestinio popieriaus perskyrimai ir u\u017edengimas, popierinis meniu lapelis, popierin\u0117s servet\u0117l\u0117s ir medin\u0117s \u0161akut\u0117s.<\/p>","protected":false},"excerpt":{"rendered":"<p>A wedding is one of the most important celebrations in life. The wedding cake is an integral part of the wedding celebration and the most important symbolic treat. The cutting of the cake by the newlyweds is one of the most anticipated rituals of the evening at a large celebration. A personally presented piece of cake is a moment eagerly awaited by guests. A delicious cake is the greatest way to thank your loved ones.<\/p>\n<p style=\"text-align: left;\">Entrust the master confectioners at LAROCH\u00c9 with the creation, production, and decoration of this magnificent wedding cake. Entrust them with this important mission <a href=\"https:\/\/laroche.lt\/en\/laroche-tortu-konkurso-nugaletojai\/\" target=\"_blank\" rel=\"noopener\">to the winners of the Lithuanian cake competition!<\/a><\/p>\n<p>Reserve a tasting set with fresh slices of 8 flavors of sponge cakes and 4 or 7 macarons of your choice. The tasting set includes the following flavors of sponge cakes:<\/p>\n<p><strong>\"Passionfruit &amp; Yuzu\"<\/strong> \u2013 Sponge cake with oranges \/ crispy layer \/ passion fruit filling \/ yuzu fruit \/ apricots \/ passion fruit \u2013 mango caramel \/ cream cheese cream. Winner of the 2024 Best Lithuanian Cake Competition!<br \/>\n<strong>\u201eRed Velvet\u201c <\/strong>\u2013 Moist sponge cake \/ crispy layer \/ strawberry filling \/ Philadelphia cream cheese frosting.<br \/>\n<strong> \u201eSicilian\u201c<\/strong> \u2013 Moist carrot biscuits with pecans \/ crispy layer \/ orange jam \/ salted caramel \/ white chocolate cream with oranges.<br \/>\n<strong>\u201eMango\u201c<\/strong> \u2013 Mango biscuits \/ fresh mango and passion fruit filling \/ light white chocolate-coconut cream.<br \/>\n<strong>\"Chocolate with caramel\"<\/strong> \u2013 Chocolate biscuits \/ caramel with sea salt \/ caramelized hazelnut filling \/ cream cheese cream.<br \/>\n<strong>\"Coffee\"<\/strong> \u2013 Coffee biscuits \/ crispy layer \/ coffee liqueur filling \/ milk chocolate cream.<br \/>\n<strong>\"Pistachio\"<\/strong> \u2013 Pistachio biscuits \/ pistachio crunchy layer \/ pistachio cream \/ raspberry filling \/ salted pistachio caramel.<br \/>\n<strong>\"Chocolate with cherries\"<\/strong> <em><strong>NEW TASTE<\/strong> <\/em>\u2013 Dark chocolate sponge cake, chocolate cream, cherry filling, crispy layer.<br \/>\n<strong>Macarons<\/strong> \u2013 we will include the most popular flavors.<\/p>\n<p>Net weight of cake set ~ 950 g (+\/- 50 g), 8 pieces.<br \/>\nNet weight of macarons ~ 140 g (4 pcs) or ~ 245 g (7 pcs).<\/p>\n<p><strong>These sets are not shipped. They can only be picked up. <\/strong>You do not have to provide your home address.<\/p>\n<p><strong>U\u017esakomo degustacinio rinkinio ATSI\u0116MIMO DATA: 2026 m.<em>BALAND\u017dIO 17 d.<\/em> ir laikas: 12:00 &#8211; 18:00. <\/strong>Galimas atsi\u0117mimas ir 18 d. iki 14:00 (informuokite).<\/p>\n<p><em>Sekanti ir \u0161iemet jau paskutin\u0117 degustacini\u0173 rinkini\u0173 atsi\u0117mimo data: GEGU\u017d\u0116S 8 d.<\/em><\/p>\n<div class=\"qodef-m-button\"><\/div>\n<p><strong>\u00a0<\/strong><\/p>","protected":false},"featured_media":19644,"comment_status":"open","ping_status":"closed","template":"","meta":[],"product_brand":[],"product_cat":[15],"product_tag":[],"class_list":{"0":"post-19649","1":"product","2":"type-product","3":"status-publish","4":"has-post-thumbnail","6":"product_cat-be-kategorijos","8":"first","9":"instock","10":"taxable","11":"shipping-taxable","12":"purchasable","13":"product-type-variable"},"aioseo_notices":[],"jetpack_sharing_enabled":true,"_links":{"self":[{"href":"https:\/\/laroche.lt\/en\/wp-json\/wp\/v2\/product\/19649","targetHints":{"allow":["GET"]}}],"collection":[{"href":"https:\/\/laroche.lt\/en\/wp-json\/wp\/v2\/product"}],"about":[{"href":"https:\/\/laroche.lt\/en\/wp-json\/wp\/v2\/types\/product"}],"replies":[{"embeddable":true,"href":"https:\/\/laroche.lt\/en\/wp-json\/wp\/v2\/comments?post=19649"}],"wp:featuredmedia":[{"embeddable":true,"href":"https:\/\/laroche.lt\/en\/wp-json\/wp\/v2\/media\/19644"}],"wp:attachment":[{"href":"https:\/\/laroche.lt\/en\/wp-json\/wp\/v2\/media?parent=19649"}],"wp:term":[{"taxonomy":"product_brand","embeddable":true,"href":"https:\/\/laroche.lt\/en\/wp-json\/wp\/v2\/product_brand?post=19649"},{"taxonomy":"product_cat","embeddable":true,"href":"https:\/\/laroche.lt\/en\/wp-json\/wp\/v2\/product_cat?post=19649"},{"taxonomy":"product_tag","embeddable":true,"href":"https:\/\/laroche.lt\/en\/wp-json\/wp\/v2\/product_tag?post=19649"}],"curies":[{"name":"wp","href":"https:\/\/api.w.org\/{rel}","templated":true}]}}