{"id":20496,"date":"2026-04-26T20:35:43","date_gmt":"2026-04-26T17:35:43","guid":{"rendered":"https:\/\/laroche.lt\/?post_type=product&#038;p=20496"},"modified":"2026-04-29T12:25:00","modified_gmt":"2026-04-29T09:25:00","slug":"tortas-mamai-laroche-uogos","status":"publish","type":"product","link":"https:\/\/laroche.lt\/en\/product\/tortas-mamai-laroche-uogos\/","title":{"rendered":"Tortas Mamai, Laroche uogos"},"content":{"rendered":"<p>Tort\u0173 ir macarons u\u017esakymai dedikuoti Mamoms bus atiduodami gegu\u017e\u0117s 2 dien\u0105 &#8211; \u0161e\u0161tadien\u012f nuo ~ 12 valandos.<br \/>\nDesert\u0173 atsi\u0117mim\u0105 norime padaryti malon\u0173 ir be laukimo gyvoje eil\u0117je, d\u0117l to srautus skirstysime pagal skirtingus laiko intervalus. Kelet\u0105 dien\u0173 prie\u0161 Velykas atsi\u0173sime J\u016bs\u0173 atsi\u0117mimo laiko interval\u0105 (pvz: 12:00 &#8211; 13:00). Jeigu m\u016bs\u0173 si\u016blomas laikas nebus tinkamas &#8211; atsakykite \u012f gaut\u0105 lai\u0161k\u0105 ir laik\u0105 pakeisime Jums patogesniu. Ankstesnis atsi\u0117mimas konditerijai n\u0117ra galimas, ta\u010diau \u0161okoladinius kiau\u0161inius ir vi\u0161\u010diukus bei kit\u0105 produkcij\u0105 gal\u0117site \u012fsigyti anks\u010diau (rekomenduojame pasiteirauti ar vis dar turime).<\/p>\n<p>Apmok\u0117jimas galimas atvykus atsiimti (grynaisiais) arba internetinio u\u017esakymo metu (el. bankininkyste \/ kortele \/ Google ir Apple Pay).<\/p>\n<p>U\u017esakymai atliekami tik internetu. Telefonu \u0161ie u\u017esakymai n\u0117ra priimami (nebent nemokate u\u017esakyti internetu).<\/p>","protected":false},"excerpt":{"rendered":"<h5 class=\"qodef-e-heading-title\">\u201eLAROCH\u00c9 2026 met\u0173 TORTAS MAMAI\u201c<\/h5>\n<p><strong>Tortas \u201eUogos\u201c <\/strong>&#8211; musinio tipo baltos spalvos tortas su \u0161vie\u017eiomis pavasarin\u0117mis uogomis, \u0161okoladiniais perliukais ir aukso lapeliais. 100% autenti\u0161kas rank\u0173 darbas ir nuostabus skonis. \u0160vie\u017eumo garantija &#8211; pagamintas pirkimo dien\u0105.<\/p>\n<p><strong>Skonis:<\/strong> migdol\u0173 ri\u0161ut\u0173 biskvitas, tra\u0161kus sluoksnis su bra\u0161k\u0117mis (yra KVIE\u010cI\u0172), bra\u0161ki\u0173 \u012fdaras, citrin\u0173 kremas, vaniliniai put\u0117siai, \u0161vie\u017eios bra\u0161k\u0117s ir aviet\u0117s.<\/p>\n<p>Svoris: ~1500 g<br \/>\nRekomenduojame vai\u0161intis 7-9 asmenims.<br \/>\nGeriausias iki trij\u0173 par\u0173 nuo \u012fsigijimo, b\u016btinas laikymas \u0161aldytuve.<\/p>\n<p>\u0160is produktas n\u0117ra siun\u010diamas, galimas tik atsi\u0117mimas <a href=\"https:\/\/laroche.lt\/en\/kontaktai\/\" target=\"_blank\" rel=\"noopener\">Laroche Kaunas<\/a>. Daugiau informacijos apie atsi\u0117mim\u0105 \u017eemiau.<\/p>","protected":false},"featured_media":20488,"comment_status":"closed","ping_status":"closed","template":"","meta":[],"product_brand":[],"product_cat":[194],"product_tag":[196],"class_list":{"0":"post-20496","1":"product","2":"type-product","3":"status-publish","4":"has-post-thumbnail","6":"product_cat-tortai","7":"product_tag-tortas","9":"first","10":"instock","11":"taxable","12":"shipping-taxable","13":"purchasable","14":"product-type-simple"},"aioseo_notices":[],"jetpack_sharing_enabled":true,"_links":{"self":[{"href":"https:\/\/laroche.lt\/en\/wp-json\/wp\/v2\/product\/20496","targetHints":{"allow":["GET"]}}],"collection":[{"href":"https:\/\/laroche.lt\/en\/wp-json\/wp\/v2\/product"}],"about":[{"href":"https:\/\/laroche.lt\/en\/wp-json\/wp\/v2\/types\/product"}],"replies":[{"embeddable":true,"href":"https:\/\/laroche.lt\/en\/wp-json\/wp\/v2\/comments?post=20496"}],"wp:featuredmedia":[{"embeddable":true,"href":"https:\/\/laroche.lt\/en\/wp-json\/wp\/v2\/media\/20488"}],"wp:attachment":[{"href":"https:\/\/laroche.lt\/en\/wp-json\/wp\/v2\/media?parent=20496"}],"wp:term":[{"taxonomy":"product_brand","embeddable":true,"href":"https:\/\/laroche.lt\/en\/wp-json\/wp\/v2\/product_brand?post=20496"},{"taxonomy":"product_cat","embeddable":true,"href":"https:\/\/laroche.lt\/en\/wp-json\/wp\/v2\/product_cat?post=20496"},{"taxonomy":"product_tag","embeddable":true,"href":"https:\/\/laroche.lt\/en\/wp-json\/wp\/v2\/product_tag?post=20496"}],"curies":[{"name":"wp","href":"https:\/\/api.w.org\/{rel}","templated":true}]}}